{"id":1097,"date":"2023-06-08T20:14:40","date_gmt":"2023-06-08T17:14:40","guid":{"rendered":"https:\/\/fauchon.com.tr\/?page_id=1097"},"modified":"2024-09-23T04:54:03","modified_gmt":"2024-09-23T01:54:03","slug":"tart","status":"publish","type":"page","link":"https:\/\/fauchon.com.tr\/en\/tart\/","title":{"rendered":"Tart"},"content":{"rendered":"<div data-elementor-type=\"wp-page\" data-elementor-id=\"1097\" class=\"elementor elementor-1097\" data-elementor-post-type=\"page\">\n\t\t\t\t\t\t<section class=\"elementor-section elementor-top-section elementor-element elementor-element-20451e2 elementor-section-boxed elementor-section-height-default elementor-section-height-default\" data-id=\"20451e2\" data-element_type=\"section\" data-e-type=\"section\" data-settings=\"{&quot;jet_parallax_layout_list&quot;:[]}\">\n\t\t\t\t\t\t<div class=\"elementor-container elementor-column-gap-default\">\n\t\t\t\t\t<div class=\"elementor-column elementor-col-100 elementor-top-column elementor-element elementor-element-fb032a0\" data-id=\"fb032a0\" data-element_type=\"column\" data-e-type=\"column\">\n\t\t\t<div class=\"elementor-widget-wrap elementor-element-populated\">\n\t\t\t\t\t\t<div class=\"elementor-element elementor-element-6136e37 jet-breadcrumbs-align-center elementor-widget elementor-widget-jet-breadcrumbs\" data-id=\"6136e37\" data-element_type=\"widget\" data-e-type=\"widget\" data-widget_type=\"jet-breadcrumbs.default\">\n\t\t\t\t<div class=\"elementor-widget-container\">\n\t\t\t\t\t<div class=\"elementor-jet-breadcrumbs jet-blocks\">\n\t\t<div class=\"jet-breadcrumbs\">\n\t\t<div class=\"jet-breadcrumbs__content\">\n\t\t<div class=\"jet-breadcrumbs__wrap\"><div class=\"jet-breadcrumbs__item\"><a href=\"https:\/\/fauchon.com.tr\/en\/\" class=\"jet-breadcrumbs__item-link is-home\" rel=\"home\" title=\"Ana Sayfa\">Ana Sayfa<\/a><\/div>\n\t\t<\/div>\n\t\t<\/div>\n\t\t<\/div><\/div>\t\t\t\t<\/div>\n\t\t\t\t<\/div>\n\t\t\t\t\t<\/div>\n\t\t<\/div>\n\t\t\t\t\t<\/div>\n\t\t<\/section>\n\t\t\t\t<section class=\"elementor-section elementor-top-section elementor-element elementor-element-c7d8e27 elementor-section-full_width elementor-section-height-min-height elementor-section-content-middle elementor-section-height-default elementor-section-items-middle\" data-id=\"c7d8e27\" data-element_type=\"section\" data-e-type=\"section\" data-settings=\"{&quot;jet_parallax_layout_list&quot;:[]}\">\n\t\t\t\t\t\t<div class=\"elementor-container elementor-column-gap-no\">\n\t\t\t\t\t<div class=\"elementor-column elementor-col-50 elementor-top-column elementor-element elementor-element-eb167b6\" data-id=\"eb167b6\" data-element_type=\"column\" data-e-type=\"column\">\n\t\t\t<div class=\"elementor-widget-wrap elementor-element-populated\">\n\t\t\t\t\t\t<div class=\"elementor-element elementor-element-bfd0d92 elementor-widget elementor-widget-image\" data-id=\"bfd0d92\" data-element_type=\"widget\" data-e-type=\"widget\" data-widget_type=\"image.default\">\n\t\t\t\t<div class=\"elementor-widget-container\">\n\t\t\t\t\t\t\t\t\t\t\t\t\t\t\t<img fetchpriority=\"high\" decoding=\"async\" width=\"900\" height=\"1350\" src=\"https:\/\/fauchon.com.tr\/wp-content\/uploads\/2023\/06\/986A6839.jpg\" class=\"attachment-full size-full wp-image-1174\" alt=\"\" srcset=\"https:\/\/fauchon.com.tr\/wp-content\/uploads\/2023\/06\/986A6839.jpg 900w, https:\/\/fauchon.com.tr\/wp-content\/uploads\/2023\/06\/986A6839-200x300.jpg 200w, https:\/\/fauchon.com.tr\/wp-content\/uploads\/2023\/06\/986A6839-683x1024.jpg 683w, https:\/\/fauchon.com.tr\/wp-content\/uploads\/2023\/06\/986A6839-768x1152.jpg 768w, https:\/\/fauchon.com.tr\/wp-content\/uploads\/2023\/06\/986A6839-600x900.jpg 600w, https:\/\/fauchon.com.tr\/wp-content\/uploads\/2023\/06\/986A6839-36x54.jpg 36w, https:\/\/fauchon.com.tr\/wp-content\/uploads\/2023\/06\/986A6839-29x44.jpg 29w, https:\/\/fauchon.com.tr\/wp-content\/uploads\/2023\/06\/986A6839-32x48.jpg 32w\" sizes=\"(max-width: 900px) 100vw, 900px\" \/>\t\t\t\t\t\t\t\t\t\t\t\t\t\t\t<\/div>\n\t\t\t\t<\/div>\n\t\t\t\t\t<\/div>\n\t\t<\/div>\n\t\t\t\t<div class=\"elementor-column elementor-col-50 elementor-top-column elementor-element elementor-element-f431314 makaronarka\" data-id=\"f431314\" data-element_type=\"column\" data-e-type=\"column\" data-settings=\"{&quot;background_background&quot;:&quot;classic&quot;}\">\n\t\t\t<div class=\"elementor-widget-wrap elementor-element-populated\">\n\t\t\t\t\t\t<div class=\"elementor-element elementor-element-5c89ee2 elementor-widget elementor-widget-heading\" data-id=\"5c89ee2\" data-element_type=\"widget\" data-e-type=\"widget\" data-widget_type=\"heading.default\">\n\t\t\t\t<div class=\"elementor-widget-container\">\n\t\t\t\t\t<h2 class=\"elementor-heading-title elementor-size-large\">TART<\/h2>\t\t\t\t<\/div>\n\t\t\t\t<\/div>\n\t\t\t\t<div class=\"elementor-element elementor-element-37abe53 elementor-widget elementor-widget-text-editor\" data-id=\"37abe53\" data-element_type=\"widget\" data-e-type=\"widget\" data-widget_type=\"text-editor.default\">\n\t\t\t\t<div class=\"elementor-widget-container\">\n\t\t\t\t\t\t\t\t\t<h4>Rafine Tatlar\u0131n \u015e\u0131k Sunumu<\/h4><p>FAUCHON Paris tartlar\u0131, taptaze meyveler ve \u00f6zenle haz\u0131rlanm\u0131\u015f hamur i\u015f\u00e7ili\u011fi ile Frans\u0131z pastac\u0131l\u0131\u011f\u0131n\u0131n doruk noktas\u0131d\u0131r. \u0130nce hamur taban\u0131, kremsi dolgu ve zarif s\u00fcslemelerle birle\u015ferek hem g\u00f6ze hem dama\u011fa hitap eder. Her bir FAUCHON tart\u0131, Paris&#8217;ten gelen l\u00fcks ve m\u00fckemmeliyetin tatl\u0131 bir yans\u0131mas\u0131d\u0131r.<\/p>\t\t\t\t\t\t\t\t<\/div>\n\t\t\t\t<\/div>\n\t\t\t\t\t<\/div>\n\t\t<\/div>\n\t\t\t\t\t<\/div>\n\t\t<\/section>\n\t\t\t\t<section class=\"elementor-section elementor-top-section elementor-element elementor-element-267c024 elementor-section-boxed elementor-section-height-default elementor-section-height-default\" data-id=\"267c024\" data-element_type=\"section\" data-e-type=\"section\" data-settings=\"{&quot;jet_parallax_layout_list&quot;:[]}\">\n\t\t\t\t\t\t<div class=\"elementor-container elementor-column-gap-default\">\n\t\t\t\t\t<div class=\"elementor-column elementor-col-100 elementor-top-column elementor-element elementor-element-6787b2e\" data-id=\"6787b2e\" data-element_type=\"column\" data-e-type=\"column\">\n\t\t\t<div class=\"elementor-widget-wrap elementor-element-populated\">\n\t\t\t\t\t\t<div class=\"elementor-element elementor-element-5be0283 elementor-widget elementor-widget-spacer\" data-id=\"5be0283\" data-element_type=\"widget\" data-e-type=\"widget\" data-widget_type=\"spacer.default\">\n\t\t\t\t<div class=\"elementor-widget-container\">\n\t\t\t\t\t\t\t<div class=\"elementor-spacer\">\n\t\t\t<div class=\"elementor-spacer-inner\"><\/div>\n\t\t<\/div>\n\t\t\t\t\t\t<\/div>\n\t\t\t\t<\/div>\n\t\t\t\t\t<\/div>\n\t\t<\/div>\n\t\t\t\t\t<\/div>\n\t\t<\/section>\n\t\t\t\t<section class=\"elementor-section elementor-top-section elementor-element elementor-element-837411d elementor-section-boxed elementor-section-height-default elementor-section-height-default\" data-id=\"837411d\" data-element_type=\"section\" data-e-type=\"section\" data-settings=\"{&quot;jet_parallax_layout_list&quot;:[]}\">\n\t\t\t\t\t\t<div class=\"elementor-container elementor-column-gap-default\">\n\t\t\t\t\t<div class=\"elementor-column elementor-col-100 elementor-top-column elementor-element elementor-element-ed1afab\" data-id=\"ed1afab\" data-element_type=\"column\" data-e-type=\"column\">\n\t\t\t<div class=\"elementor-widget-wrap elementor-element-populated\">\n\t\t\t\t\t\t<div class=\"elementor-element elementor-element-b80aa5a elementor-widget elementor-widget-gallery\" data-id=\"b80aa5a\" data-element_type=\"widget\" data-e-type=\"widget\" data-settings=\"{&quot;columns&quot;:3,&quot;lazyload&quot;:&quot;yes&quot;,&quot;gallery_layout&quot;:&quot;grid&quot;,&quot;columns_tablet&quot;:2,&quot;columns_mobile&quot;:1,&quot;gap&quot;:{&quot;unit&quot;:&quot;px&quot;,&quot;size&quot;:10,&quot;sizes&quot;:[]},&quot;gap_tablet&quot;:{&quot;unit&quot;:&quot;px&quot;,&quot;size&quot;:10,&quot;sizes&quot;:[]},&quot;gap_mobile&quot;:{&quot;unit&quot;:&quot;px&quot;,&quot;size&quot;:10,&quot;sizes&quot;:[]},&quot;link_to&quot;:&quot;file&quot;,&quot;aspect_ratio&quot;:&quot;3:2&quot;,&quot;overlay_background&quot;:&quot;yes&quot;,&quot;content_hover_animation&quot;:&quot;fade-in&quot;}\" data-widget_type=\"gallery.default\">\n\t\t\t\t<div class=\"elementor-widget-container\">\n\t\t\t\t\t\t\t<div class=\"elementor-gallery__container\">\n\t\t\t\t\t\t\t<a class=\"e-gallery-item elementor-gallery-item elementor-animated-content\" href=\"https:\/\/fauchon.com.tr\/wp-content\/uploads\/2023\/06\/986A6839-1.jpg\" data-elementor-open-lightbox=\"yes\" data-elementor-lightbox-slideshow=\"b80aa5a\" data-elementor-lightbox-title=\"986A6839\" data-e-action-hash=\"#elementor-action%3Aaction%3Dlightbox%26settings%3DeyJpZCI6MTE3NSwidXJsIjoiaHR0cHM6XC9cL2ZhdWNob24uY29tLnRyXC93cC1jb250ZW50XC91cGxvYWRzXC8yMDIzXC8wNlwvOTg2QTY4MzktMS5qcGciLCJzbGlkZXNob3ciOiJiODBhYTVhIn0%3D\">\n\t\t\t\t\t<div class=\"e-gallery-image elementor-gallery-item__image\" data-thumbnail=\"https:\/\/fauchon.com.tr\/wp-content\/uploads\/2023\/06\/986A6839-1.jpg\" data-width=\"900\" data-height=\"1350\" aria-label=\"\" role=\"img\" ><\/div>\n\t\t\t\t\t\t\t\t\t\t\t<div class=\"elementor-gallery-item__overlay\"><\/div>\n\t\t\t\t\t\t\t\t\t\t\t\t\t\t<\/a>\n\t\t\t\t\t\t\t<a class=\"e-gallery-item elementor-gallery-item elementor-animated-content\" href=\"https:\/\/fauchon.com.tr\/wp-content\/uploads\/2023\/06\/FAD00645.jpg\" data-elementor-open-lightbox=\"yes\" data-elementor-lightbox-slideshow=\"b80aa5a\" data-elementor-lightbox-title=\"FAD00645\" data-e-action-hash=\"#elementor-action%3Aaction%3Dlightbox%26settings%3DeyJpZCI6MTE3NywidXJsIjoiaHR0cHM6XC9cL2ZhdWNob24uY29tLnRyXC93cC1jb250ZW50XC91cGxvYWRzXC8yMDIzXC8wNlwvRkFEMDA2NDUuanBnIiwic2xpZGVzaG93IjoiYjgwYWE1YSJ9\">\n\t\t\t\t\t<div class=\"e-gallery-image elementor-gallery-item__image\" data-thumbnail=\"https:\/\/fauchon.com.tr\/wp-content\/uploads\/2023\/06\/FAD00645.jpg\" data-width=\"1281\" data-height=\"855\" aria-label=\"\" role=\"img\" ><\/div>\n\t\t\t\t\t\t\t\t\t\t\t<div class=\"elementor-gallery-item__overlay\"><\/div>\n\t\t\t\t\t\t\t\t\t\t\t\t\t\t<\/a>\n\t\t\t\t\t\t\t<a class=\"e-gallery-item elementor-gallery-item elementor-animated-content\" href=\"https:\/\/fauchon.com.tr\/wp-content\/uploads\/2023\/06\/FAD00711.jpg\" data-elementor-open-lightbox=\"yes\" data-elementor-lightbox-slideshow=\"b80aa5a\" data-elementor-lightbox-title=\"FAD00711\" data-e-action-hash=\"#elementor-action%3Aaction%3Dlightbox%26settings%3DeyJpZCI6MTE3OCwidXJsIjoiaHR0cHM6XC9cL2ZhdWNob24uY29tLnRyXC93cC1jb250ZW50XC91cGxvYWRzXC8yMDIzXC8wNlwvRkFEMDA3MTEuanBnIiwic2xpZGVzaG93IjoiYjgwYWE1YSJ9\">\n\t\t\t\t\t<div class=\"e-gallery-image elementor-gallery-item__image\" data-thumbnail=\"https:\/\/fauchon.com.tr\/wp-content\/uploads\/2023\/06\/FAD00711.jpg\" data-width=\"1341\" data-height=\"894\" aria-label=\"\" role=\"img\" ><\/div>\n\t\t\t\t\t\t\t\t\t\t\t<div class=\"elementor-gallery-item__overlay\"><\/div>\n\t\t\t\t\t\t\t\t\t\t\t\t\t\t<\/a>\n\t\t\t\t\t<\/div>\n\t\t\t\t\t<\/div>\n\t\t\t\t<\/div>\n\t\t\t\t\t<\/div>\n\t\t<\/div>\n\t\t\t\t\t<\/div>\n\t\t<\/section>\n\t\t\t\t<\/div>","protected":false},"excerpt":{"rendered":"<p>Ana Sayfa TART Rafine Tatlar\u0131n \u015e\u0131k Sunumu FAUCHON Paris tartlar\u0131, taptaze meyveler ve \u00f6zenle haz\u0131rlanm\u0131\u015f hamur i\u015f\u00e7ili\u011fi ile Frans\u0131z pastac\u0131l\u0131\u011f\u0131n\u0131n doruk noktas\u0131d\u0131r. \u0130nce hamur taban\u0131, kremsi dolgu ve zarif s\u00fcslemelerle birle\u015ferek hem g\u00f6ze hem dama\u011fa hitap eder. Her bir FAUCHON tart\u0131, Paris&#8217;ten gelen l\u00fcks ve m\u00fckemmeliyetin tatl\u0131 bir yans\u0131mas\u0131d\u0131r.<\/p>","protected":false},"author":1,"featured_media":0,"parent":0,"menu_order":0,"comment_status":"closed","ping_status":"closed","template":"page-templates\/fullwidth-content.php","meta":{"footnotes":""},"class_list":["post-1097","page","type-page","status-publish","hentry"],"_links":{"self":[{"href":"https:\/\/fauchon.com.tr\/en\/wp-json\/wp\/v2\/pages\/1097","targetHints":{"allow":["GET"]}}],"collection":[{"href":"https:\/\/fauchon.com.tr\/en\/wp-json\/wp\/v2\/pages"}],"about":[{"href":"https:\/\/fauchon.com.tr\/en\/wp-json\/wp\/v2\/types\/page"}],"author":[{"embeddable":true,"href":"https:\/\/fauchon.com.tr\/en\/wp-json\/wp\/v2\/users\/1"}],"replies":[{"embeddable":true,"href":"https:\/\/fauchon.com.tr\/en\/wp-json\/wp\/v2\/comments?post=1097"}],"version-history":[{"count":7,"href":"https:\/\/fauchon.com.tr\/en\/wp-json\/wp\/v2\/pages\/1097\/revisions"}],"predecessor-version":[{"id":1410,"href":"https:\/\/fauchon.com.tr\/en\/wp-json\/wp\/v2\/pages\/1097\/revisions\/1410"}],"wp:attachment":[{"href":"https:\/\/fauchon.com.tr\/en\/wp-json\/wp\/v2\/media?parent=1097"}],"curies":[{"name":"wp","href":"https:\/\/api.w.org\/{rel}","templated":true}]}}