{"id":1099,"date":"2023-06-08T20:15:22","date_gmt":"2023-06-08T17:15:22","guid":{"rendered":"https:\/\/fauchon.com.tr\/?page_id=1099"},"modified":"2024-09-25T04:32:51","modified_gmt":"2024-09-25T01:32:51","slug":"firindan","status":"publish","type":"page","link":"https:\/\/fauchon.com.tr\/en\/firindan\/","title":{"rendered":"F\u0131r\u0131ndan"},"content":{"rendered":"<div data-elementor-type=\"wp-page\" data-elementor-id=\"1099\" class=\"elementor elementor-1099\" data-elementor-post-type=\"page\">\n\t\t\t\t\t\t<section class=\"elementor-section elementor-top-section elementor-element elementor-element-6918fa7 elementor-section-boxed elementor-section-height-default elementor-section-height-default\" data-id=\"6918fa7\" data-element_type=\"section\" data-e-type=\"section\" data-settings=\"{&quot;jet_parallax_layout_list&quot;:[]}\">\n\t\t\t\t\t\t<div class=\"elementor-container elementor-column-gap-default\">\n\t\t\t\t\t<div class=\"elementor-column elementor-col-100 elementor-top-column elementor-element elementor-element-b9b85c0\" data-id=\"b9b85c0\" data-element_type=\"column\" data-e-type=\"column\">\n\t\t\t<div class=\"elementor-widget-wrap elementor-element-populated\">\n\t\t\t\t\t\t<div class=\"elementor-element elementor-element-1a1d059 jet-breadcrumbs-align-center elementor-widget elementor-widget-jet-breadcrumbs\" data-id=\"1a1d059\" data-element_type=\"widget\" data-e-type=\"widget\" data-widget_type=\"jet-breadcrumbs.default\">\n\t\t\t\t<div class=\"elementor-widget-container\">\n\t\t\t\t\t<div class=\"elementor-jet-breadcrumbs jet-blocks\">\n\t\t<div class=\"jet-breadcrumbs\">\n\t\t<div class=\"jet-breadcrumbs__content\">\n\t\t<div class=\"jet-breadcrumbs__wrap\"><div class=\"jet-breadcrumbs__item\"><a href=\"https:\/\/fauchon.com.tr\/en\/\" class=\"jet-breadcrumbs__item-link is-home\" rel=\"home\" title=\"Ana Sayfa\">Ana Sayfa<\/a><\/div>\n\t\t<\/div>\n\t\t<\/div>\n\t\t<\/div><\/div>\t\t\t\t<\/div>\n\t\t\t\t<\/div>\n\t\t\t\t\t<\/div>\n\t\t<\/div>\n\t\t\t\t\t<\/div>\n\t\t<\/section>\n\t\t\t\t<section class=\"elementor-section elementor-top-section elementor-element elementor-element-65a0935 elementor-section-full_width elementor-section-height-default elementor-section-height-default\" data-id=\"65a0935\" data-element_type=\"section\" data-e-type=\"section\" data-settings=\"{&quot;jet_parallax_layout_list&quot;:[]}\">\n\t\t\t\t\t\t<div class=\"elementor-container elementor-column-gap-no\">\n\t\t\t\t\t<div class=\"elementor-column elementor-col-50 elementor-top-column elementor-element elementor-element-1f25df5\" data-id=\"1f25df5\" data-element_type=\"column\" data-e-type=\"column\">\n\t\t\t<div class=\"elementor-widget-wrap elementor-element-populated\">\n\t\t\t\t\t\t<div class=\"elementor-element elementor-element-575dfc5 elementor-widget elementor-widget-image\" data-id=\"575dfc5\" data-element_type=\"widget\" data-e-type=\"widget\" data-widget_type=\"image.default\">\n\t\t\t\t<div class=\"elementor-widget-container\">\n\t\t\t\t\t\t\t\t\t\t\t\t\t\t\t<img fetchpriority=\"high\" decoding=\"async\" width=\"1613\" height=\"1075\" src=\"https:\/\/fauchon.com.tr\/wp-content\/uploads\/2023\/06\/986A5988.jpg\" class=\"attachment-full size-full wp-image-1114\" alt=\"\" srcset=\"https:\/\/fauchon.com.tr\/wp-content\/uploads\/2023\/06\/986A5988.jpg 1613w, https:\/\/fauchon.com.tr\/wp-content\/uploads\/2023\/06\/986A5988-300x200.jpg 300w, https:\/\/fauchon.com.tr\/wp-content\/uploads\/2023\/06\/986A5988-1024x682.jpg 1024w, https:\/\/fauchon.com.tr\/wp-content\/uploads\/2023\/06\/986A5988-768x512.jpg 768w, https:\/\/fauchon.com.tr\/wp-content\/uploads\/2023\/06\/986A5988-1536x1024.jpg 1536w, https:\/\/fauchon.com.tr\/wp-content\/uploads\/2023\/06\/986A5988-600x400.jpg 600w, https:\/\/fauchon.com.tr\/wp-content\/uploads\/2023\/06\/986A5988-80x54.jpg 80w, https:\/\/fauchon.com.tr\/wp-content\/uploads\/2023\/06\/986A5988-65x44.jpg 65w, https:\/\/fauchon.com.tr\/wp-content\/uploads\/2023\/06\/986A5988-48x32.jpg 48w\" sizes=\"(max-width: 1613px) 100vw, 1613px\" \/>\t\t\t\t\t\t\t\t\t\t\t\t\t\t\t<\/div>\n\t\t\t\t<\/div>\n\t\t\t\t\t<\/div>\n\t\t<\/div>\n\t\t\t\t<div class=\"elementor-column elementor-col-50 elementor-top-column elementor-element elementor-element-6bcc544\" data-id=\"6bcc544\" data-element_type=\"column\" data-e-type=\"column\" data-settings=\"{&quot;background_background&quot;:&quot;classic&quot;}\">\n\t\t\t<div class=\"elementor-widget-wrap elementor-element-populated\">\n\t\t\t\t\t\t<div class=\"elementor-element elementor-element-bd18f10 elementor-widget elementor-widget-heading\" data-id=\"bd18f10\" data-element_type=\"widget\" data-e-type=\"widget\" data-widget_type=\"heading.default\">\n\t\t\t\t<div class=\"elementor-widget-container\">\n\t\t\t\t\t<h2 class=\"elementor-heading-title elementor-size-large\">FIRINDAN<\/h2>\t\t\t\t<\/div>\n\t\t\t\t<\/div>\n\t\t\t\t<div class=\"elementor-element elementor-element-fd35045 elementor-widget elementor-widget-text-editor\" data-id=\"fd35045\" data-element_type=\"widget\" data-e-type=\"widget\" data-widget_type=\"text-editor.default\">\n\t\t\t\t<div class=\"elementor-widget-container\">\n\t\t\t\t\t\t\t\t\t<p>G\u00fcn\u00fcn Her An\u0131na Uygun<\/p><p>\u0130ster sabah kahvenizin yan\u0131nda, ister \u00f6\u011fleden sonra f\u0131r\u0131ndan \u00e7\u0131kan bu lezzetler g\u00fcn\u00fcn her an\u0131nda m\u00fckemmel bir e\u015flik\u00e7idir. Bu zarif lezzetler, ayn\u0131 zamanda unutulmaz bir Paris deneyimini sofran\u0131za getirir.<\/p><p>\u00a0<\/p><p>FAUCHON Paris Croissant<\/p><p>\u00a0<\/p><p>Klasik Frans\u0131z hamur i\u015flerinin zirvesini temsil eden, m\u00fckemmel bir lezzet deneyimidir. Her \u0131s\u0131r\u0131kta, Paris\u2019in en prestijli gurme markalar\u0131ndan biri olan FAUCHON\u2019un sanat dolu mutfak miras\u0131 hissedilir. Geleneksel tarife sad\u0131k kal\u0131narak haz\u0131rlanan bu e\u015fsiz croissant, kaliteye ve ayr\u0131nt\u0131ya olan ba\u011fl\u0131l\u0131\u011f\u0131yla fark yarat\u0131r.<\/p><p>\u00a0<\/p><p>\u00dcst\u00fcn Malzemeler ve Ustal\u0131k<\/p><p>\u00a0<\/p><p>FAUCHON\u2019un croissant\u2019\u0131, yaln\u0131zca en kaliteli malzemelerle \u00fcretilir. Tereya\u011f\u0131, un, ve mayan\u0131n m\u00fckemmel dengesiyle haz\u0131rlanan hamur, uzun s\u00fcre dinlendirilerek kat kat a\u00e7\u0131l\u0131r. F\u0131r\u0131nlan\u0131rken elde edilen alt\u0131n rengi d\u0131\u015f y\u00fczey, croissant\u2019n\u0131n i\u00e7indeki hafif ve yumu\u015fak dokuyu m\u00fckemmel bir kontrastla tamamlar. Bu ustal\u0131kla haz\u0131rlanan croissantlar, her \u0131s\u0131r\u0131kta zengin tereya\u011f\u0131 aromas\u0131n\u0131 ve incecik \u00e7\u0131t\u0131r katmanlar\u0131n armonisini sunar.<\/p>\t\t\t\t\t\t\t\t<\/div>\n\t\t\t\t<\/div>\n\t\t\t\t\t<\/div>\n\t\t<\/div>\n\t\t\t\t\t<\/div>\n\t\t<\/section>\n\t\t\t\t<section class=\"elementor-section elementor-top-section elementor-element elementor-element-24a9128 elementor-section-boxed elementor-section-height-default elementor-section-height-default\" data-id=\"24a9128\" data-element_type=\"section\" data-e-type=\"section\" data-settings=\"{&quot;jet_parallax_layout_list&quot;:[]}\">\n\t\t\t\t\t\t<div class=\"elementor-container elementor-column-gap-default\">\n\t\t\t\t\t<div class=\"elementor-column elementor-col-100 elementor-top-column elementor-element elementor-element-cae072e\" data-id=\"cae072e\" data-element_type=\"column\" data-e-type=\"column\">\n\t\t\t<div class=\"elementor-widget-wrap elementor-element-populated\">\n\t\t\t\t\t\t<div class=\"elementor-element elementor-element-62d6dd1 elementor-widget elementor-widget-gallery\" data-id=\"62d6dd1\" data-element_type=\"widget\" data-e-type=\"widget\" data-settings=\"{&quot;columns&quot;:3,&quot;lazyload&quot;:&quot;yes&quot;,&quot;gallery_layout&quot;:&quot;grid&quot;,&quot;columns_tablet&quot;:2,&quot;columns_mobile&quot;:1,&quot;gap&quot;:{&quot;unit&quot;:&quot;px&quot;,&quot;size&quot;:10,&quot;sizes&quot;:[]},&quot;gap_tablet&quot;:{&quot;unit&quot;:&quot;px&quot;,&quot;size&quot;:10,&quot;sizes&quot;:[]},&quot;gap_mobile&quot;:{&quot;unit&quot;:&quot;px&quot;,&quot;size&quot;:10,&quot;sizes&quot;:[]},&quot;link_to&quot;:&quot;file&quot;,&quot;aspect_ratio&quot;:&quot;3:2&quot;,&quot;overlay_background&quot;:&quot;yes&quot;,&quot;content_hover_animation&quot;:&quot;fade-in&quot;}\" data-widget_type=\"gallery.default\">\n\t\t\t\t<div class=\"elementor-widget-container\">\n\t\t\t\t\t\t\t<div class=\"elementor-gallery__container\">\n\t\t\t\t\t\t\t<a class=\"e-gallery-item elementor-gallery-item elementor-animated-content\" href=\"https:\/\/fauchon.com.tr\/wp-content\/uploads\/2023\/06\/5.jpg\" data-elementor-open-lightbox=\"yes\" data-elementor-lightbox-slideshow=\"62d6dd1\" data-elementor-lightbox-title=\"5\" data-e-action-hash=\"#elementor-action%3Aaction%3Dlightbox%26settings%3DeyJpZCI6MTExNSwidXJsIjoiaHR0cHM6XC9cL2ZhdWNob24uY29tLnRyXC93cC1jb250ZW50XC91cGxvYWRzXC8yMDIzXC8wNlwvNS5qcGciLCJzbGlkZXNob3ciOiI2MmQ2ZGQxIn0%3D\">\n\t\t\t\t\t<div class=\"e-gallery-image elementor-gallery-item__image\" data-thumbnail=\"https:\/\/fauchon.com.tr\/wp-content\/uploads\/2023\/06\/5.jpg\" data-width=\"828\" data-height=\"825\" aria-label=\"\" role=\"img\" ><\/div>\n\t\t\t\t\t\t\t\t\t\t\t<div class=\"elementor-gallery-item__overlay\"><\/div>\n\t\t\t\t\t\t\t\t\t\t\t\t\t\t<\/a>\n\t\t\t\t\t\t\t<a class=\"e-gallery-item elementor-gallery-item elementor-animated-content\" href=\"https:\/\/fauchon.com.tr\/wp-content\/uploads\/2023\/06\/986A5981.jpg\" data-elementor-open-lightbox=\"yes\" data-elementor-lightbox-slideshow=\"62d6dd1\" data-elementor-lightbox-title=\"986A5981\" data-e-action-hash=\"#elementor-action%3Aaction%3Dlightbox%26settings%3DeyJpZCI6MTExNiwidXJsIjoiaHR0cHM6XC9cL2ZhdWNob24uY29tLnRyXC93cC1jb250ZW50XC91cGxvYWRzXC8yMDIzXC8wNlwvOTg2QTU5ODEuanBnIiwic2xpZGVzaG93IjoiNjJkNmRkMSJ9\">\n\t\t\t\t\t<div class=\"e-gallery-image elementor-gallery-item__image\" data-thumbnail=\"https:\/\/fauchon.com.tr\/wp-content\/uploads\/2023\/06\/986A5981.jpg\" data-width=\"1613\" data-height=\"1075\" aria-label=\"\" role=\"img\" ><\/div>\n\t\t\t\t\t\t\t\t\t\t\t<div class=\"elementor-gallery-item__overlay\"><\/div>\n\t\t\t\t\t\t\t\t\t\t\t\t\t\t<\/a>\n\t\t\t\t\t\t\t<a class=\"e-gallery-item elementor-gallery-item elementor-animated-content\" href=\"https:\/\/fauchon.com.tr\/wp-content\/uploads\/2023\/06\/986A5988-1.jpg\" data-elementor-open-lightbox=\"yes\" data-elementor-lightbox-slideshow=\"62d6dd1\" data-elementor-lightbox-title=\"986A5988\" data-e-action-hash=\"#elementor-action%3Aaction%3Dlightbox%26settings%3DeyJpZCI6MTExNywidXJsIjoiaHR0cHM6XC9cL2ZhdWNob24uY29tLnRyXC93cC1jb250ZW50XC91cGxvYWRzXC8yMDIzXC8wNlwvOTg2QTU5ODgtMS5qcGciLCJzbGlkZXNob3ciOiI2MmQ2ZGQxIn0%3D\">\n\t\t\t\t\t<div class=\"e-gallery-image elementor-gallery-item__image\" data-thumbnail=\"https:\/\/fauchon.com.tr\/wp-content\/uploads\/2023\/06\/986A5988-1.jpg\" data-width=\"1613\" data-height=\"1075\" aria-label=\"\" role=\"img\" ><\/div>\n\t\t\t\t\t\t\t\t\t\t\t<div class=\"elementor-gallery-item__overlay\"><\/div>\n\t\t\t\t\t\t\t\t\t\t\t\t\t\t<\/a>\n\t\t\t\t\t\t\t<a class=\"e-gallery-item elementor-gallery-item elementor-animated-content\" href=\"https:\/\/fauchon.com.tr\/wp-content\/uploads\/2023\/06\/986A6014.jpg\" data-elementor-open-lightbox=\"yes\" data-elementor-lightbox-slideshow=\"62d6dd1\" data-elementor-lightbox-title=\"986A6014\" data-e-action-hash=\"#elementor-action%3Aaction%3Dlightbox%26settings%3DeyJpZCI6MTExOSwidXJsIjoiaHR0cHM6XC9cL2ZhdWNob24uY29tLnRyXC93cC1jb250ZW50XC91cGxvYWRzXC8yMDIzXC8wNlwvOTg2QTYwMTQuanBnIiwic2xpZGVzaG93IjoiNjJkNmRkMSJ9\">\n\t\t\t\t\t<div class=\"e-gallery-image elementor-gallery-item__image\" data-thumbnail=\"https:\/\/fauchon.com.tr\/wp-content\/uploads\/2023\/06\/986A6014.jpg\" data-width=\"1075\" data-height=\"1613\" aria-label=\"\" role=\"img\" ><\/div>\n\t\t\t\t\t\t\t\t\t\t\t<div class=\"elementor-gallery-item__overlay\"><\/div>\n\t\t\t\t\t\t\t\t\t\t\t\t\t\t<\/a>\n\t\t\t\t\t\t\t<a class=\"e-gallery-item elementor-gallery-item elementor-animated-content\" href=\"https:\/\/fauchon.com.tr\/wp-content\/uploads\/2023\/06\/986A6927.jpg\" data-elementor-open-lightbox=\"yes\" data-elementor-lightbox-slideshow=\"62d6dd1\" data-elementor-lightbox-title=\"986A6927\" data-e-action-hash=\"#elementor-action%3Aaction%3Dlightbox%26settings%3DeyJpZCI6MTEyMCwidXJsIjoiaHR0cHM6XC9cL2ZhdWNob24uY29tLnRyXC93cC1jb250ZW50XC91cGxvYWRzXC8yMDIzXC8wNlwvOTg2QTY5MjcuanBnIiwic2xpZGVzaG93IjoiNjJkNmRkMSJ9\">\n\t\t\t\t\t<div class=\"e-gallery-image elementor-gallery-item__image\" data-thumbnail=\"https:\/\/fauchon.com.tr\/wp-content\/uploads\/2023\/06\/986A6927.jpg\" data-width=\"1511\" data-height=\"1007\" aria-label=\"\" role=\"img\" ><\/div>\n\t\t\t\t\t\t\t\t\t\t\t<div class=\"elementor-gallery-item__overlay\"><\/div>\n\t\t\t\t\t\t\t\t\t\t\t\t\t\t<\/a>\n\t\t\t\t\t\t\t<a class=\"e-gallery-item elementor-gallery-item elementor-animated-content\" href=\"https:\/\/fauchon.com.tr\/wp-content\/uploads\/2023\/06\/70666635-83bf-4360-8419-90d770ef16a8.jpg\" data-elementor-open-lightbox=\"yes\" data-elementor-lightbox-slideshow=\"62d6dd1\" data-elementor-lightbox-title=\"70666635-83bf-4360-8419-90d770ef16a8\" data-e-action-hash=\"#elementor-action%3Aaction%3Dlightbox%26settings%3DeyJpZCI6MTEyMSwidXJsIjoiaHR0cHM6XC9cL2ZhdWNob24uY29tLnRyXC93cC1jb250ZW50XC91cGxvYWRzXC8yMDIzXC8wNlwvNzA2NjY2MzUtODNiZi00MzYwLTg0MTktOTBkNzcwZWYxNmE4LmpwZyIsInNsaWRlc2hvdyI6IjYyZDZkZDEifQ%3D%3D\">\n\t\t\t\t\t<div class=\"e-gallery-image elementor-gallery-item__image\" data-thumbnail=\"https:\/\/fauchon.com.tr\/wp-content\/uploads\/2023\/06\/70666635-83bf-4360-8419-90d770ef16a8.jpg\" data-width=\"848\" data-height=\"687\" aria-label=\"\" role=\"img\" ><\/div>\n\t\t\t\t\t\t\t\t\t\t\t<div class=\"elementor-gallery-item__overlay\"><\/div>\n\t\t\t\t\t\t\t\t\t\t\t\t\t\t<\/a>\n\t\t\t\t\t\t\t<a class=\"e-gallery-item elementor-gallery-item elementor-animated-content\" href=\"https:\/\/fauchon.com.tr\/wp-content\/uploads\/2023\/06\/FAD00617.jpg\" data-elementor-open-lightbox=\"yes\" data-elementor-lightbox-slideshow=\"62d6dd1\" data-elementor-lightbox-title=\"FAD00617\" data-e-action-hash=\"#elementor-action%3Aaction%3Dlightbox%26settings%3DeyJpZCI6MTEyMiwidXJsIjoiaHR0cHM6XC9cL2ZhdWNob24uY29tLnRyXC93cC1jb250ZW50XC91cGxvYWRzXC8yMDIzXC8wNlwvRkFEMDA2MTcuanBnIiwic2xpZGVzaG93IjoiNjJkNmRkMSJ9\">\n\t\t\t\t\t<div class=\"e-gallery-image elementor-gallery-item__image\" data-thumbnail=\"https:\/\/fauchon.com.tr\/wp-content\/uploads\/2023\/06\/FAD00617.jpg\" data-width=\"1339\" data-height=\"893\" aria-label=\"\" role=\"img\" ><\/div>\n\t\t\t\t\t\t\t\t\t\t\t<div class=\"elementor-gallery-item__overlay\"><\/div>\n\t\t\t\t\t\t\t\t\t\t\t\t\t\t<\/a>\n\t\t\t\t\t\t\t<a class=\"e-gallery-item elementor-gallery-item elementor-animated-content\" href=\"https:\/\/fauchon.com.tr\/wp-content\/uploads\/2023\/06\/FAD00621.jpg\" data-elementor-open-lightbox=\"yes\" data-elementor-lightbox-slideshow=\"62d6dd1\" data-elementor-lightbox-title=\"FAD00621\" data-e-action-hash=\"#elementor-action%3Aaction%3Dlightbox%26settings%3DeyJpZCI6MTEyMywidXJsIjoiaHR0cHM6XC9cL2ZhdWNob24uY29tLnRyXC93cC1jb250ZW50XC91cGxvYWRzXC8yMDIzXC8wNlwvRkFEMDA2MjEuanBnIiwic2xpZGVzaG93IjoiNjJkNmRkMSJ9\">\n\t\t\t\t\t<div class=\"e-gallery-image elementor-gallery-item__image\" data-thumbnail=\"https:\/\/fauchon.com.tr\/wp-content\/uploads\/2023\/06\/FAD00621.jpg\" data-width=\"1382\" data-height=\"922\" aria-label=\"\" role=\"img\" ><\/div>\n\t\t\t\t\t\t\t\t\t\t\t<div class=\"elementor-gallery-item__overlay\"><\/div>\n\t\t\t\t\t\t\t\t\t\t\t\t\t\t<\/a>\n\t\t\t\t\t\t\t<a class=\"e-gallery-item elementor-gallery-item elementor-animated-content\" href=\"https:\/\/fauchon.com.tr\/wp-content\/uploads\/2023\/06\/FAD00624.jpg\" data-elementor-open-lightbox=\"yes\" data-elementor-lightbox-slideshow=\"62d6dd1\" data-elementor-lightbox-title=\"FAD00624\" data-e-action-hash=\"#elementor-action%3Aaction%3Dlightbox%26settings%3DeyJpZCI6MTEyNCwidXJsIjoiaHR0cHM6XC9cL2ZhdWNob24uY29tLnRyXC93cC1jb250ZW50XC91cGxvYWRzXC8yMDIzXC8wNlwvRkFEMDA2MjQuanBnIiwic2xpZGVzaG93IjoiNjJkNmRkMSJ9\">\n\t\t\t\t\t<div class=\"e-gallery-image elementor-gallery-item__image\" data-thumbnail=\"https:\/\/fauchon.com.tr\/wp-content\/uploads\/2023\/06\/FAD00624.jpg\" data-width=\"1370\" data-height=\"914\" aria-label=\"\" role=\"img\" ><\/div>\n\t\t\t\t\t\t\t\t\t\t\t<div class=\"elementor-gallery-item__overlay\"><\/div>\n\t\t\t\t\t\t\t\t\t\t\t\t\t\t<\/a>\n\t\t\t\t\t\t\t<a class=\"e-gallery-item elementor-gallery-item elementor-animated-content\" href=\"https:\/\/fauchon.com.tr\/wp-content\/uploads\/2023\/06\/FAD00625.jpg\" data-elementor-open-lightbox=\"yes\" data-elementor-lightbox-slideshow=\"62d6dd1\" data-elementor-lightbox-title=\"FAD00625\" data-e-action-hash=\"#elementor-action%3Aaction%3Dlightbox%26settings%3DeyJpZCI6MTEyNSwidXJsIjoiaHR0cHM6XC9cL2ZhdWNob24uY29tLnRyXC93cC1jb250ZW50XC91cGxvYWRzXC8yMDIzXC8wNlwvRkFEMDA2MjUuanBnIiwic2xpZGVzaG93IjoiNjJkNmRkMSJ9\">\n\t\t\t\t\t<div class=\"e-gallery-image elementor-gallery-item__image\" data-thumbnail=\"https:\/\/fauchon.com.tr\/wp-content\/uploads\/2023\/06\/FAD00625.jpg\" data-width=\"1237\" data-height=\"825\" aria-label=\"\" role=\"img\" ><\/div>\n\t\t\t\t\t\t\t\t\t\t\t<div class=\"elementor-gallery-item__overlay\"><\/div>\n\t\t\t\t\t\t\t\t\t\t\t\t\t\t<\/a>\n\t\t\t\t\t\t\t<a class=\"e-gallery-item elementor-gallery-item elementor-animated-content\" href=\"https:\/\/fauchon.com.tr\/wp-content\/uploads\/2023\/06\/FAD00652.jpg\" data-elementor-open-lightbox=\"yes\" data-elementor-lightbox-slideshow=\"62d6dd1\" data-elementor-lightbox-title=\"FAD00652\" data-e-action-hash=\"#elementor-action%3Aaction%3Dlightbox%26settings%3DeyJpZCI6MTEyNiwidXJsIjoiaHR0cHM6XC9cL2ZhdWNob24uY29tLnRyXC93cC1jb250ZW50XC91cGxvYWRzXC8yMDIzXC8wNlwvRkFEMDA2NTIuanBnIiwic2xpZGVzaG93IjoiNjJkNmRkMSJ9\">\n\t\t\t\t\t<div class=\"e-gallery-image elementor-gallery-item__image\" data-thumbnail=\"https:\/\/fauchon.com.tr\/wp-content\/uploads\/2023\/06\/FAD00652.jpg\" data-width=\"1282\" data-height=\"855\" aria-label=\"\" role=\"img\" ><\/div>\n\t\t\t\t\t\t\t\t\t\t\t<div class=\"elementor-gallery-item__overlay\"><\/div>\n\t\t\t\t\t\t\t\t\t\t\t\t\t\t<\/a>\n\t\t\t\t\t\t\t<a class=\"e-gallery-item elementor-gallery-item elementor-animated-content\" href=\"https:\/\/fauchon.com.tr\/wp-content\/uploads\/2023\/06\/Madeleine_au_Miel-9955-scaled.jpg\" data-elementor-open-lightbox=\"yes\" data-elementor-lightbox-slideshow=\"62d6dd1\" data-elementor-lightbox-title=\"Madeleine_au_Miel-9955\" data-e-action-hash=\"#elementor-action%3Aaction%3Dlightbox%26settings%3DeyJpZCI6MTEyNywidXJsIjoiaHR0cHM6XC9cL2ZhdWNob24uY29tLnRyXC93cC1jb250ZW50XC91cGxvYWRzXC8yMDIzXC8wNlwvTWFkZWxlaW5lX2F1X01pZWwtOTk1NS1zY2FsZWQuanBnIiwic2xpZGVzaG93IjoiNjJkNmRkMSJ9\">\n\t\t\t\t\t<div class=\"e-gallery-image elementor-gallery-item__image\" data-thumbnail=\"https:\/\/fauchon.com.tr\/wp-content\/uploads\/2023\/06\/Madeleine_au_Miel-9955-scaled.jpg\" data-width=\"2048\" data-height=\"2560\" aria-label=\"\" role=\"img\" ><\/div>\n\t\t\t\t\t\t\t\t\t\t\t<div class=\"elementor-gallery-item__overlay\"><\/div>\n\t\t\t\t\t\t\t\t\t\t\t\t\t\t<\/a>\n\t\t\t\t\t\t\t<a class=\"e-gallery-item elementor-gallery-item elementor-animated-content\" href=\"https:\/\/fauchon.com.tr\/wp-content\/uploads\/2023\/06\/FAD01277.jpg\" data-elementor-open-lightbox=\"yes\" data-elementor-lightbox-slideshow=\"62d6dd1\" data-elementor-lightbox-title=\"FAD01277\" data-e-action-hash=\"#elementor-action%3Aaction%3Dlightbox%26settings%3DeyJpZCI6MTEzMSwidXJsIjoiaHR0cHM6XC9cL2ZhdWNob24uY29tLnRyXC93cC1jb250ZW50XC91cGxvYWRzXC8yMDIzXC8wNlwvRkFEMDEyNzcuanBnIiwic2xpZGVzaG93IjoiNjJkNmRkMSJ9\">\n\t\t\t\t\t<div class=\"e-gallery-image elementor-gallery-item__image\" data-thumbnail=\"https:\/\/fauchon.com.tr\/wp-content\/uploads\/2023\/06\/FAD01277.jpg\" data-width=\"1200\" data-height=\"800\" aria-label=\"\" role=\"img\" ><\/div>\n\t\t\t\t\t\t\t\t\t\t\t<div class=\"elementor-gallery-item__overlay\"><\/div>\n\t\t\t\t\t\t\t\t\t\t\t\t\t\t<\/a>\n\t\t\t\t\t\t\t<a class=\"e-gallery-item elementor-gallery-item elementor-animated-content\" href=\"https:\/\/fauchon.com.tr\/wp-content\/uploads\/2023\/06\/FAD01292.jpg\" data-elementor-open-lightbox=\"yes\" data-elementor-lightbox-slideshow=\"62d6dd1\" data-elementor-lightbox-title=\"FAD01292\" data-e-action-hash=\"#elementor-action%3Aaction%3Dlightbox%26settings%3DeyJpZCI6MTEzMiwidXJsIjoiaHR0cHM6XC9cL2ZhdWNob24uY29tLnRyXC93cC1jb250ZW50XC91cGxvYWRzXC8yMDIzXC8wNlwvRkFEMDEyOTIuanBnIiwic2xpZGVzaG93IjoiNjJkNmRkMSJ9\">\n\t\t\t\t\t<div class=\"e-gallery-image elementor-gallery-item__image\" data-thumbnail=\"https:\/\/fauchon.com.tr\/wp-content\/uploads\/2023\/06\/FAD01292.jpg\" data-width=\"1200\" data-height=\"800\" aria-label=\"\" role=\"img\" ><\/div>\n\t\t\t\t\t\t\t\t\t\t\t<div class=\"elementor-gallery-item__overlay\"><\/div>\n\t\t\t\t\t\t\t\t\t\t\t\t\t\t<\/a>\n\t\t\t\t\t<\/div>\n\t\t\t\t\t<\/div>\n\t\t\t\t<\/div>\n\t\t\t\t\t<\/div>\n\t\t<\/div>\n\t\t\t\t\t<\/div>\n\t\t<\/section>\n\t\t\t\t<\/div>","protected":false},"excerpt":{"rendered":"<p>Ana Sayfa FIRINDAN G\u00fcn\u00fcn Her An\u0131na Uygun \u0130ster sabah kahvenizin yan\u0131nda, ister \u00f6\u011fleden sonra f\u0131r\u0131ndan \u00e7\u0131kan bu lezzetler g\u00fcn\u00fcn her an\u0131nda m\u00fckemmel bir e\u015flik\u00e7idir. Bu zarif lezzetler, ayn\u0131 zamanda unutulmaz bir Paris deneyimini sofran\u0131za getirir. \u00a0 FAUCHON Paris Croissant \u00a0 Klasik Frans\u0131z hamur i\u015flerinin zirvesini temsil eden, m\u00fckemmel bir lezzet deneyimidir. Her \u0131s\u0131r\u0131kta, Paris\u2019in en [&hellip;]<\/p>","protected":false},"author":1,"featured_media":0,"parent":0,"menu_order":0,"comment_status":"closed","ping_status":"closed","template":"page-templates\/fullwidth-content.php","meta":{"footnotes":""},"class_list":["post-1099","page","type-page","status-publish","hentry"],"_links":{"self":[{"href":"https:\/\/fauchon.com.tr\/en\/wp-json\/wp\/v2\/pages\/1099","targetHints":{"allow":["GET"]}}],"collection":[{"href":"https:\/\/fauchon.com.tr\/en\/wp-json\/wp\/v2\/pages"}],"about":[{"href":"https:\/\/fauchon.com.tr\/en\/wp-json\/wp\/v2\/types\/page"}],"author":[{"embeddable":true,"href":"https:\/\/fauchon.com.tr\/en\/wp-json\/wp\/v2\/users\/1"}],"replies":[{"embeddable":true,"href":"https:\/\/fauchon.com.tr\/en\/wp-json\/wp\/v2\/comments?post=1099"}],"version-history":[{"count":16,"href":"https:\/\/fauchon.com.tr\/en\/wp-json\/wp\/v2\/pages\/1099\/revisions"}],"predecessor-version":[{"id":1416,"href":"https:\/\/fauchon.com.tr\/en\/wp-json\/wp\/v2\/pages\/1099\/revisions\/1416"}],"wp:attachment":[{"href":"https:\/\/fauchon.com.tr\/en\/wp-json\/wp\/v2\/media?parent=1099"}],"curies":[{"name":"wp","href":"https:\/\/api.w.org\/{rel}","templated":true}]}}