{"id":1270,"date":"2023-06-13T18:45:14","date_gmt":"2023-06-13T15:45:14","guid":{"rendered":"https:\/\/fauchon.com.tr\/?page_id=1270"},"modified":"2023-06-13T18:58:46","modified_gmt":"2023-06-13T15:58:46","slug":"basinda-biz","status":"publish","type":"page","link":"https:\/\/fauchon.com.tr\/en\/basinda-biz\/","title":{"rendered":"Press"},"content":{"rendered":"<div data-elementor-type=\"wp-page\" data-elementor-id=\"1270\" class=\"elementor elementor-1270\" data-elementor-post-type=\"page\">\n\t\t\t\t\t\t<section class=\"elementor-section elementor-top-section elementor-element elementor-element-196059e elementor-section-boxed elementor-section-height-default elementor-section-height-default\" data-id=\"196059e\" data-element_type=\"section\" data-e-type=\"section\" data-settings=\"{&quot;jet_parallax_layout_list&quot;:[]}\">\n\t\t\t\t\t\t<div class=\"elementor-container elementor-column-gap-default\">\n\t\t\t\t\t<div class=\"elementor-column elementor-col-100 elementor-top-column elementor-element elementor-element-9c3b37f\" data-id=\"9c3b37f\" data-element_type=\"column\" data-e-type=\"column\">\n\t\t\t<div class=\"elementor-widget-wrap elementor-element-populated\">\n\t\t\t\t\t\t<div class=\"elementor-element elementor-element-5366f50 elementor-widget elementor-widget-spacer\" data-id=\"5366f50\" data-element_type=\"widget\" data-e-type=\"widget\" data-widget_type=\"spacer.default\">\n\t\t\t\t<div class=\"elementor-widget-container\">\n\t\t\t\t\t\t\t<div class=\"elementor-spacer\">\n\t\t\t<div class=\"elementor-spacer-inner\"><\/div>\n\t\t<\/div>\n\t\t\t\t\t\t<\/div>\n\t\t\t\t<\/div>\n\t\t\t\t\t<\/div>\n\t\t<\/div>\n\t\t\t\t\t<\/div>\n\t\t<\/section>\n\t\t\t\t<section class=\"elementor-section elementor-top-section elementor-element elementor-element-d964189 elementor-section-boxed elementor-section-height-default elementor-section-height-default\" data-id=\"d964189\" data-element_type=\"section\" data-e-type=\"section\" data-settings=\"{&quot;jet_parallax_layout_list&quot;:[]}\">\n\t\t\t\t\t\t<div class=\"elementor-container elementor-column-gap-default\">\n\t\t\t\t\t<div class=\"elementor-column elementor-col-33 elementor-top-column elementor-element elementor-element-a1cded3\" data-id=\"a1cded3\" data-element_type=\"column\" data-e-type=\"column\" data-settings=\"{&quot;background_background&quot;:&quot;classic&quot;}\">\n\t\t\t<div class=\"elementor-widget-wrap elementor-element-populated\">\n\t\t\t\t\t\t<div class=\"elementor-element elementor-element-c9c571d elementor-widget elementor-widget-image\" data-id=\"c9c571d\" data-element_type=\"widget\" data-e-type=\"widget\" data-widget_type=\"image.default\">\n\t\t\t\t<div class=\"elementor-widget-container\">\n\t\t\t\t\t\t\t\t\t\t\t\t\t\t\t\t<a href=\"https:\/\/www.hurriyet.com.tr\/amp\/kelebek\/lezzetli-hayat\/onun-cazibesi-bir-baska-42164857\">\n\t\t\t\t\t\t\t<img fetchpriority=\"high\" decoding=\"async\" width=\"1920\" height=\"902\" src=\"https:\/\/fauchon.com.tr\/wp-content\/uploads\/2023\/06\/a98795d9-108a-4233-a532-b6ca79fd9d77.png\" class=\"attachment-full size-full wp-image-1272\" alt=\"\" srcset=\"https:\/\/fauchon.com.tr\/wp-content\/uploads\/2023\/06\/a98795d9-108a-4233-a532-b6ca79fd9d77.png 1920w, https:\/\/fauchon.com.tr\/wp-content\/uploads\/2023\/06\/a98795d9-108a-4233-a532-b6ca79fd9d77-300x141.png 300w, https:\/\/fauchon.com.tr\/wp-content\/uploads\/2023\/06\/a98795d9-108a-4233-a532-b6ca79fd9d77-1024x481.png 1024w, https:\/\/fauchon.com.tr\/wp-content\/uploads\/2023\/06\/a98795d9-108a-4233-a532-b6ca79fd9d77-768x361.png 768w, https:\/\/fauchon.com.tr\/wp-content\/uploads\/2023\/06\/a98795d9-108a-4233-a532-b6ca79fd9d77-1536x722.png 1536w, https:\/\/fauchon.com.tr\/wp-content\/uploads\/2023\/06\/a98795d9-108a-4233-a532-b6ca79fd9d77-600x282.png 600w, https:\/\/fauchon.com.tr\/wp-content\/uploads\/2023\/06\/a98795d9-108a-4233-a532-b6ca79fd9d77-80x38.png 80w, https:\/\/fauchon.com.tr\/wp-content\/uploads\/2023\/06\/a98795d9-108a-4233-a532-b6ca79fd9d77-65x31.png 65w, https:\/\/fauchon.com.tr\/wp-content\/uploads\/2023\/06\/a98795d9-108a-4233-a532-b6ca79fd9d77-48x23.png 48w\" sizes=\"(max-width: 1920px) 100vw, 1920px\" \/>\t\t\t\t\t\t\t\t<\/a>\n\t\t\t\t\t\t\t\t\t\t\t\t\t\t\t<\/div>\n\t\t\t\t<\/div>\n\t\t\t\t<div class=\"elementor-element elementor-element-8e28f18 elementor-widget elementor-widget-text-editor\" data-id=\"8e28f18\" data-element_type=\"widget\" data-e-type=\"widget\" data-widget_type=\"text-editor.default\">\n\t\t\t\t<div class=\"elementor-widget-container\">\n\t\t\t\t\t\t\t\t\t<h4><a href=\"https:\/\/www.hurriyet.com.tr\/amp\/kelebek\/lezzetli-hayat\/onun-cazibesi-bir-baska-42164857\">Onun cazibesi bir ba\u015fka&#8230;<\/a><\/h4>\t\t\t\t\t\t\t\t<\/div>\n\t\t\t\t<\/div>\n\t\t\t\t<div class=\"elementor-element elementor-element-67595df elementor-widget elementor-widget-text-editor\" data-id=\"67595df\" data-element_type=\"widget\" data-e-type=\"widget\" data-widget_type=\"text-editor.default\">\n\t\t\t\t<div class=\"elementor-widget-container\">\n\t\t\t\t\t\t\t\t\t<p><a href=\"https:\/\/www.hurriyet.com.tr\/amp\/kelebek\/lezzetli-hayat\/onun-cazibesi-bir-baska-42164857\">Is\u0131r\u0131nca \u00e7\u0131t\u0131rdayan badem unlu kabu\u011fu, dama\u011f\u0131 saran o yumu\u015fac\u0131k i\u00e7 dolgusu&#8230;<\/a><\/p>\t\t\t\t\t\t\t\t<\/div>\n\t\t\t\t<\/div>\n\t\t\t\t<div class=\"elementor-element elementor-element-79055a6 elementor-widget elementor-widget-button\" data-id=\"79055a6\" data-element_type=\"widget\" data-e-type=\"widget\" data-widget_type=\"button.default\">\n\t\t\t\t<div class=\"elementor-widget-container\">\n\t\t\t\t\t\t\t\t\t<div class=\"elementor-button-wrapper\">\n\t\t\t\t\t<a class=\"elementor-button elementor-button-link elementor-size-xs\" href=\"https:\/\/www.hurriyet.com.tr\/amp\/kelebek\/lezzetli-hayat\/onun-cazibesi-bir-baska-42164857\">\n\t\t\t\t\t\t<span class=\"elementor-button-content-wrapper\">\n\t\t\t\t\t\t\t\t\t<span class=\"elementor-button-text\">Devam\u0131<\/span>\n\t\t\t\t\t<\/span>\n\t\t\t\t\t<\/a>\n\t\t\t\t<\/div>\n\t\t\t\t\t\t\t\t<\/div>\n\t\t\t\t<\/div>\n\t\t\t\t\t<\/div>\n\t\t<\/div>\n\t\t\t\t<div class=\"elementor-column elementor-col-33 elementor-top-column elementor-element elementor-element-134a04f\" data-id=\"134a04f\" data-element_type=\"column\" data-e-type=\"column\">\n\t\t\t<div class=\"elementor-widget-wrap\">\n\t\t\t\t\t\t\t<\/div>\n\t\t<\/div>\n\t\t\t\t<div class=\"elementor-column elementor-col-33 elementor-top-column elementor-element elementor-element-9524635\" data-id=\"9524635\" data-element_type=\"column\" data-e-type=\"column\">\n\t\t\t<div class=\"elementor-widget-wrap\">\n\t\t\t\t\t\t\t<\/div>\n\t\t<\/div>\n\t\t\t\t\t<\/div>\n\t\t<\/section>\n\t\t\t\t<\/div>","protected":false},"excerpt":{"rendered":"<p>Onun cazibesi bir ba\u015fka&#8230; Is\u0131r\u0131nca \u00e7\u0131t\u0131rdayan badem unlu kabu\u011fu, dama\u011f\u0131 saran o yumu\u015fac\u0131k i\u00e7 dolgusu&#8230; Devam\u0131<\/p>","protected":false},"author":1,"featured_media":0,"parent":0,"menu_order":0,"comment_status":"closed","ping_status":"closed","template":"page-templates\/fullwidth-content.php","meta":{"footnotes":""},"class_list":["post-1270","page","type-page","status-publish","hentry"],"_links":{"self":[{"href":"https:\/\/fauchon.com.tr\/en\/wp-json\/wp\/v2\/pages\/1270","targetHints":{"allow":["GET"]}}],"collection":[{"href":"https:\/\/fauchon.com.tr\/en\/wp-json\/wp\/v2\/pages"}],"about":[{"href":"https:\/\/fauchon.com.tr\/en\/wp-json\/wp\/v2\/types\/page"}],"author":[{"embeddable":true,"href":"https:\/\/fauchon.com.tr\/en\/wp-json\/wp\/v2\/users\/1"}],"replies":[{"embeddable":true,"href":"https:\/\/fauchon.com.tr\/en\/wp-json\/wp\/v2\/comments?post=1270"}],"version-history":[{"count":10,"href":"https:\/\/fauchon.com.tr\/en\/wp-json\/wp\/v2\/pages\/1270\/revisions"}],"predecessor-version":[{"id":1281,"href":"https:\/\/fauchon.com.tr\/en\/wp-json\/wp\/v2\/pages\/1270\/revisions\/1281"}],"wp:attachment":[{"href":"https:\/\/fauchon.com.tr\/en\/wp-json\/wp\/v2\/media?parent=1270"}],"curies":[{"name":"wp","href":"https:\/\/api.w.org\/{rel}","templated":true}]}}