{"id":531,"date":"2022-10-15T16:01:55","date_gmt":"2022-10-15T16:01:55","guid":{"rendered":"https:\/\/fauchon.com.tr\/?page_id=531"},"modified":"2024-09-23T04:52:50","modified_gmt":"2024-09-23T01:52:50","slug":"makaronlar","status":"publish","type":"page","link":"https:\/\/fauchon.com.tr\/en\/makaronlar\/","title":{"rendered":"Makaron"},"content":{"rendered":"<div data-elementor-type=\"wp-page\" data-elementor-id=\"531\" class=\"elementor elementor-531\" data-elementor-post-type=\"page\">\n\t\t\t\t\t\t<section class=\"elementor-section elementor-top-section elementor-element elementor-element-0051abe elementor-section-boxed elementor-section-height-default elementor-section-height-default\" data-id=\"0051abe\" data-element_type=\"section\" data-e-type=\"section\" data-settings=\"{&quot;jet_parallax_layout_list&quot;:[]}\">\n\t\t\t\t\t\t<div class=\"elementor-container elementor-column-gap-default\">\n\t\t\t\t\t<div class=\"elementor-column elementor-col-100 elementor-top-column elementor-element elementor-element-5990b43\" data-id=\"5990b43\" data-element_type=\"column\" data-e-type=\"column\">\n\t\t\t<div class=\"elementor-widget-wrap elementor-element-populated\">\n\t\t\t\t\t\t<div class=\"elementor-element elementor-element-5dbaacd jet-breadcrumbs-align-center elementor-widget elementor-widget-jet-breadcrumbs\" data-id=\"5dbaacd\" data-element_type=\"widget\" data-e-type=\"widget\" data-widget_type=\"jet-breadcrumbs.default\">\n\t\t\t\t<div class=\"elementor-widget-container\">\n\t\t\t\t\t<div class=\"elementor-jet-breadcrumbs jet-blocks\">\n\t\t<div class=\"jet-breadcrumbs\">\n\t\t<div class=\"jet-breadcrumbs__content\">\n\t\t<div class=\"jet-breadcrumbs__wrap\"><div class=\"jet-breadcrumbs__item\"><a href=\"https:\/\/fauchon.com.tr\/en\/\" class=\"jet-breadcrumbs__item-link is-home\" rel=\"home\" title=\"Ana Sayfa\">Ana Sayfa<\/a><\/div>\n\t\t<\/div>\n\t\t<\/div>\n\t\t<\/div><\/div>\t\t\t\t<\/div>\n\t\t\t\t<\/div>\n\t\t\t\t\t<\/div>\n\t\t<\/div>\n\t\t\t\t\t<\/div>\n\t\t<\/section>\n\t\t\t\t<section class=\"elementor-section elementor-top-section elementor-element elementor-element-47f497e elementor-section-full_width elementor-section-height-min-height elementor-section-content-middle elementor-section-height-default elementor-section-items-middle\" data-id=\"47f497e\" data-element_type=\"section\" data-e-type=\"section\" data-settings=\"{&quot;jet_parallax_layout_list&quot;:[]}\">\n\t\t\t\t\t\t<div class=\"elementor-container elementor-column-gap-no\">\n\t\t\t\t\t<div class=\"elementor-column elementor-col-50 elementor-top-column elementor-element elementor-element-e31d960\" data-id=\"e31d960\" data-element_type=\"column\" data-e-type=\"column\">\n\t\t\t<div class=\"elementor-widget-wrap elementor-element-populated\">\n\t\t\t\t\t\t<div class=\"elementor-element elementor-element-4843d37 elementor-widget elementor-widget-image\" data-id=\"4843d37\" data-element_type=\"widget\" data-e-type=\"widget\" data-widget_type=\"image.default\">\n\t\t\t\t<div class=\"elementor-widget-container\">\n\t\t\t\t\t\t\t\t\t\t\t\t\t\t\t<img fetchpriority=\"high\" decoding=\"async\" width=\"800\" height=\"1200\" src=\"https:\/\/fauchon.com.tr\/wp-content\/uploads\/2023\/06\/986A5971-Edit.jpg\" class=\"attachment-full size-full wp-image-1193\" alt=\"\" srcset=\"https:\/\/fauchon.com.tr\/wp-content\/uploads\/2023\/06\/986A5971-Edit.jpg 800w, https:\/\/fauchon.com.tr\/wp-content\/uploads\/2023\/06\/986A5971-Edit-200x300.jpg 200w, https:\/\/fauchon.com.tr\/wp-content\/uploads\/2023\/06\/986A5971-Edit-683x1024.jpg 683w, https:\/\/fauchon.com.tr\/wp-content\/uploads\/2023\/06\/986A5971-Edit-768x1152.jpg 768w, https:\/\/fauchon.com.tr\/wp-content\/uploads\/2023\/06\/986A5971-Edit-600x900.jpg 600w, https:\/\/fauchon.com.tr\/wp-content\/uploads\/2023\/06\/986A5971-Edit-36x54.jpg 36w, https:\/\/fauchon.com.tr\/wp-content\/uploads\/2023\/06\/986A5971-Edit-29x44.jpg 29w, https:\/\/fauchon.com.tr\/wp-content\/uploads\/2023\/06\/986A5971-Edit-32x48.jpg 32w\" sizes=\"(max-width: 800px) 100vw, 800px\" \/>\t\t\t\t\t\t\t\t\t\t\t\t\t\t\t<\/div>\n\t\t\t\t<\/div>\n\t\t\t\t\t<\/div>\n\t\t<\/div>\n\t\t\t\t<div class=\"elementor-column elementor-col-50 elementor-top-column elementor-element elementor-element-12d29ac makaronarka\" data-id=\"12d29ac\" data-element_type=\"column\" data-e-type=\"column\" data-settings=\"{&quot;background_background&quot;:&quot;classic&quot;}\">\n\t\t\t<div class=\"elementor-widget-wrap elementor-element-populated\">\n\t\t\t\t\t\t<div class=\"elementor-element elementor-element-dc1009c elementor-widget elementor-widget-heading\" data-id=\"dc1009c\" data-element_type=\"widget\" data-e-type=\"widget\" data-widget_type=\"heading.default\">\n\t\t\t\t<div class=\"elementor-widget-container\">\n\t\t\t\t\t<h2 class=\"elementor-heading-title elementor-size-large\">MAKARON<\/h2>\t\t\t\t<\/div>\n\t\t\t\t<\/div>\n\t\t\t\t<div class=\"elementor-element elementor-element-4ff0b3b elementor-widget elementor-widget-text-editor\" data-id=\"4ff0b3b\" data-element_type=\"widget\" data-e-type=\"widget\" data-widget_type=\"text-editor.default\">\n\t\t\t\t<div class=\"elementor-widget-container\">\n\t\t\t\t\t\t\t\t\t<h4>Her \u0131s\u0131r\u0131kta Paris&#8217;e g\u00f6t\u00fcren lezzet<\/h4><p>Fauchon Paris makaronlar\u0131 Frans\u0131z pastac\u0131l\u0131\u011f\u0131n\u0131n zarafetini ve m\u00fckemmelli\u011fini bir araya getirir. \u0130ki ince, \u00e7\u0131t\u0131r badem merenginin aras\u0131ndaki kremsi dolgu, her \u0131s\u0131r\u0131kta damakta eriyerek unutulmaz bir lezzet deneyimi sunar. FAUCHON\u2019un \u00f6zenle se\u00e7ilmi\u015f malzemeleriyle haz\u0131rlanan bu renkli lezzetler, \u00e7ikolata, vanilya, Antep f\u0131st\u0131\u011f\u0131, mango, kahve, Frenk \u00fcz\u00fcm\u00fc, limon, karamel&#8230;<\/p><p>Sanat eseri gibi g\u00f6z\u00fcken bu makaronlar, sadece bir tatl\u0131 de\u011fil, ayn\u0131 zamanda Paris&#8217;ten bir par\u00e7a gibidir. Her bir FAUCHON makaronu, l\u00fcks\u00fcn, inceli\u011fin ve Frans\u0131z mutfa\u011f\u0131n\u0131n en rafine haliyle bulu\u015fman\u0131z\u0131 sa\u011flar.<\/p>\t\t\t\t\t\t\t\t<\/div>\n\t\t\t\t<\/div>\n\t\t\t\t\t<\/div>\n\t\t<\/div>\n\t\t\t\t\t<\/div>\n\t\t<\/section>\n\t\t\t\t<section class=\"elementor-section elementor-top-section elementor-element elementor-element-894e932 elementor-section-boxed elementor-section-height-default elementor-section-height-default\" data-id=\"894e932\" data-element_type=\"section\" data-e-type=\"section\" data-settings=\"{&quot;jet_parallax_layout_list&quot;:[]}\">\n\t\t\t\t\t\t<div class=\"elementor-container elementor-column-gap-default\">\n\t\t\t\t\t<div class=\"elementor-column elementor-col-100 elementor-top-column elementor-element elementor-element-1dac0c2\" data-id=\"1dac0c2\" data-element_type=\"column\" data-e-type=\"column\">\n\t\t\t<div class=\"elementor-widget-wrap elementor-element-populated\">\n\t\t\t\t\t\t<div class=\"elementor-element elementor-element-147e4ba elementor-widget elementor-widget-spacer\" data-id=\"147e4ba\" data-element_type=\"widget\" data-e-type=\"widget\" data-widget_type=\"spacer.default\">\n\t\t\t\t<div class=\"elementor-widget-container\">\n\t\t\t\t\t\t\t<div class=\"elementor-spacer\">\n\t\t\t<div class=\"elementor-spacer-inner\"><\/div>\n\t\t<\/div>\n\t\t\t\t\t\t<\/div>\n\t\t\t\t<\/div>\n\t\t\t\t\t<\/div>\n\t\t<\/div>\n\t\t\t\t\t<\/div>\n\t\t<\/section>\n\t\t\t\t<section class=\"elementor-section elementor-top-section elementor-element elementor-element-d5003ce elementor-section-boxed elementor-section-height-default elementor-section-height-default\" data-id=\"d5003ce\" data-element_type=\"section\" data-e-type=\"section\" data-settings=\"{&quot;jet_parallax_layout_list&quot;:[]}\">\n\t\t\t\t\t\t<div class=\"elementor-container elementor-column-gap-default\">\n\t\t\t\t\t<div class=\"elementor-column elementor-col-100 elementor-top-column elementor-element elementor-element-6f371ef\" data-id=\"6f371ef\" data-element_type=\"column\" data-e-type=\"column\">\n\t\t\t<div class=\"elementor-widget-wrap elementor-element-populated\">\n\t\t\t\t\t\t<div class=\"elementor-element elementor-element-bed1bb4 elementor-widget elementor-widget-gallery\" data-id=\"bed1bb4\" data-element_type=\"widget\" data-e-type=\"widget\" data-settings=\"{&quot;columns&quot;:3,&quot;lazyload&quot;:&quot;yes&quot;,&quot;gallery_layout&quot;:&quot;grid&quot;,&quot;columns_tablet&quot;:2,&quot;columns_mobile&quot;:1,&quot;gap&quot;:{&quot;unit&quot;:&quot;px&quot;,&quot;size&quot;:10,&quot;sizes&quot;:[]},&quot;gap_tablet&quot;:{&quot;unit&quot;:&quot;px&quot;,&quot;size&quot;:10,&quot;sizes&quot;:[]},&quot;gap_mobile&quot;:{&quot;unit&quot;:&quot;px&quot;,&quot;size&quot;:10,&quot;sizes&quot;:[]},&quot;link_to&quot;:&quot;file&quot;,&quot;aspect_ratio&quot;:&quot;3:2&quot;,&quot;overlay_background&quot;:&quot;yes&quot;,&quot;content_hover_animation&quot;:&quot;fade-in&quot;}\" data-widget_type=\"gallery.default\">\n\t\t\t\t<div class=\"elementor-widget-container\">\n\t\t\t\t\t\t\t<div class=\"elementor-gallery__container\">\n\t\t\t\t\t\t\t<a class=\"e-gallery-item elementor-gallery-item elementor-animated-content\" href=\"https:\/\/fauchon.com.tr\/wp-content\/uploads\/2023\/06\/986A6057.jpg\" data-elementor-open-lightbox=\"yes\" data-elementor-lightbox-slideshow=\"bed1bb4\" data-elementor-lightbox-title=\"986A6057\" data-e-action-hash=\"#elementor-action%3Aaction%3Dlightbox%26settings%3DeyJpZCI6MTIwNiwidXJsIjoiaHR0cHM6XC9cL2ZhdWNob24uY29tLnRyXC93cC1jb250ZW50XC91cGxvYWRzXC8yMDIzXC8wNlwvOTg2QTYwNTcuanBnIiwic2xpZGVzaG93IjoiYmVkMWJiNCJ9\">\n\t\t\t\t\t<div class=\"e-gallery-image elementor-gallery-item__image\" data-thumbnail=\"https:\/\/fauchon.com.tr\/wp-content\/uploads\/2023\/06\/986A6057.jpg\" data-width=\"800\" data-height=\"1200\" aria-label=\"\" role=\"img\" ><\/div>\n\t\t\t\t\t\t\t\t\t\t\t<div class=\"elementor-gallery-item__overlay\"><\/div>\n\t\t\t\t\t\t\t\t\t\t\t\t\t\t<\/a>\n\t\t\t\t\t\t\t<a class=\"e-gallery-item elementor-gallery-item elementor-animated-content\" href=\"https:\/\/fauchon.com.tr\/wp-content\/uploads\/2023\/06\/39.png\" data-elementor-open-lightbox=\"yes\" data-elementor-lightbox-slideshow=\"bed1bb4\" data-elementor-lightbox-title=\"39\" data-e-action-hash=\"#elementor-action%3Aaction%3Dlightbox%26settings%3DeyJpZCI6MTIwNSwidXJsIjoiaHR0cHM6XC9cL2ZhdWNob24uY29tLnRyXC93cC1jb250ZW50XC91cGxvYWRzXC8yMDIzXC8wNlwvMzkucG5nIiwic2xpZGVzaG93IjoiYmVkMWJiNCJ9\">\n\t\t\t\t\t<div class=\"e-gallery-image elementor-gallery-item__image\" data-thumbnail=\"https:\/\/fauchon.com.tr\/wp-content\/uploads\/2023\/06\/39.png\" data-width=\"706\" data-height=\"1080\" aria-label=\"\" role=\"img\" ><\/div>\n\t\t\t\t\t\t\t\t\t\t\t<div class=\"elementor-gallery-item__overlay\"><\/div>\n\t\t\t\t\t\t\t\t\t\t\t\t\t\t<\/a>\n\t\t\t\t\t\t\t<a class=\"e-gallery-item elementor-gallery-item elementor-animated-content\" href=\"https:\/\/fauchon.com.tr\/wp-content\/uploads\/2023\/06\/FAD00636.jpg\" data-elementor-open-lightbox=\"yes\" data-elementor-lightbox-slideshow=\"bed1bb4\" data-elementor-lightbox-title=\"FAD00636\" data-e-action-hash=\"#elementor-action%3Aaction%3Dlightbox%26settings%3DeyJpZCI6MTIwNCwidXJsIjoiaHR0cHM6XC9cL2ZhdWNob24uY29tLnRyXC93cC1jb250ZW50XC91cGxvYWRzXC8yMDIzXC8wNlwvRkFEMDA2MzYuanBnIiwic2xpZGVzaG93IjoiYmVkMWJiNCJ9\">\n\t\t\t\t\t<div class=\"e-gallery-image elementor-gallery-item__image\" data-thumbnail=\"https:\/\/fauchon.com.tr\/wp-content\/uploads\/2023\/06\/FAD00636.jpg\" data-width=\"1502\" data-height=\"1002\" aria-label=\"\" role=\"img\" ><\/div>\n\t\t\t\t\t\t\t\t\t\t\t<div class=\"elementor-gallery-item__overlay\"><\/div>\n\t\t\t\t\t\t\t\t\t\t\t\t\t\t<\/a>\n\t\t\t\t\t\t\t<a class=\"e-gallery-item elementor-gallery-item elementor-animated-content\" href=\"https:\/\/fauchon.com.tr\/wp-content\/uploads\/2023\/06\/FAD00438.jpg\" data-elementor-open-lightbox=\"yes\" data-elementor-lightbox-slideshow=\"bed1bb4\" data-elementor-lightbox-title=\"FAD00438\" data-e-action-hash=\"#elementor-action%3Aaction%3Dlightbox%26settings%3DeyJpZCI6MTE5NCwidXJsIjoiaHR0cHM6XC9cL2ZhdWNob24uY29tLnRyXC93cC1jb250ZW50XC91cGxvYWRzXC8yMDIzXC8wNlwvRkFEMDA0MzguanBnIiwic2xpZGVzaG93IjoiYmVkMWJiNCJ9\">\n\t\t\t\t\t<div class=\"e-gallery-image elementor-gallery-item__image\" data-thumbnail=\"https:\/\/fauchon.com.tr\/wp-content\/uploads\/2023\/06\/FAD00438.jpg\" data-width=\"1215\" data-height=\"810\" aria-label=\"\" role=\"img\" ><\/div>\n\t\t\t\t\t\t\t\t\t\t\t<div class=\"elementor-gallery-item__overlay\"><\/div>\n\t\t\t\t\t\t\t\t\t\t\t\t\t\t<\/a>\n\t\t\t\t\t\t\t<a class=\"e-gallery-item elementor-gallery-item elementor-animated-content\" href=\"https:\/\/fauchon.com.tr\/wp-content\/uploads\/2023\/06\/FAD00582.jpg\" data-elementor-open-lightbox=\"yes\" data-elementor-lightbox-slideshow=\"bed1bb4\" data-elementor-lightbox-title=\"FAD00582\" data-e-action-hash=\"#elementor-action%3Aaction%3Dlightbox%26settings%3DeyJpZCI6MTIwMywidXJsIjoiaHR0cHM6XC9cL2ZhdWNob24uY29tLnRyXC93cC1jb250ZW50XC91cGxvYWRzXC8yMDIzXC8wNlwvRkFEMDA1ODIuanBnIiwic2xpZGVzaG93IjoiYmVkMWJiNCJ9\">\n\t\t\t\t\t<div class=\"e-gallery-image elementor-gallery-item__image\" data-thumbnail=\"https:\/\/fauchon.com.tr\/wp-content\/uploads\/2023\/06\/FAD00582.jpg\" data-width=\"1319\" data-height=\"880\" aria-label=\"\" role=\"img\" ><\/div>\n\t\t\t\t\t\t\t\t\t\t\t<div class=\"elementor-gallery-item__overlay\"><\/div>\n\t\t\t\t\t\t\t\t\t\t\t\t\t\t<\/a>\n\t\t\t\t\t\t\t<a class=\"e-gallery-item elementor-gallery-item elementor-animated-content\" href=\"https:\/\/fauchon.com.tr\/wp-content\/uploads\/2023\/06\/FAD00568.jpg\" data-elementor-open-lightbox=\"yes\" data-elementor-lightbox-slideshow=\"bed1bb4\" data-elementor-lightbox-title=\"FAD00568\" data-e-action-hash=\"#elementor-action%3Aaction%3Dlightbox%26settings%3DeyJpZCI6MTIwMiwidXJsIjoiaHR0cHM6XC9cL2ZhdWNob24uY29tLnRyXC93cC1jb250ZW50XC91cGxvYWRzXC8yMDIzXC8wNlwvRkFEMDA1NjguanBnIiwic2xpZGVzaG93IjoiYmVkMWJiNCJ9\">\n\t\t\t\t\t<div class=\"e-gallery-image elementor-gallery-item__image\" data-thumbnail=\"https:\/\/fauchon.com.tr\/wp-content\/uploads\/2023\/06\/FAD00568.jpg\" data-width=\"1333\" data-height=\"889\" aria-label=\"\" role=\"img\" ><\/div>\n\t\t\t\t\t\t\t\t\t\t\t<div class=\"elementor-gallery-item__overlay\"><\/div>\n\t\t\t\t\t\t\t\t\t\t\t\t\t\t<\/a>\n\t\t\t\t\t\t\t<a class=\"e-gallery-item elementor-gallery-item elementor-animated-content\" href=\"https:\/\/fauchon.com.tr\/wp-content\/uploads\/2023\/06\/FAD00561.jpg\" data-elementor-open-lightbox=\"yes\" data-elementor-lightbox-slideshow=\"bed1bb4\" data-elementor-lightbox-title=\"FAD00561\" data-e-action-hash=\"#elementor-action%3Aaction%3Dlightbox%26settings%3DeyJpZCI6MTIwMSwidXJsIjoiaHR0cHM6XC9cL2ZhdWNob24uY29tLnRyXC93cC1jb250ZW50XC91cGxvYWRzXC8yMDIzXC8wNlwvRkFEMDA1NjEuanBnIiwic2xpZGVzaG93IjoiYmVkMWJiNCJ9\">\n\t\t\t\t\t<div class=\"e-gallery-image elementor-gallery-item__image\" data-thumbnail=\"https:\/\/fauchon.com.tr\/wp-content\/uploads\/2023\/06\/FAD00561.jpg\" data-width=\"1496\" data-height=\"998\" aria-label=\"\" role=\"img\" ><\/div>\n\t\t\t\t\t\t\t\t\t\t\t<div class=\"elementor-gallery-item__overlay\"><\/div>\n\t\t\t\t\t\t\t\t\t\t\t\t\t\t<\/a>\n\t\t\t\t\t\t\t<a class=\"e-gallery-item elementor-gallery-item elementor-animated-content\" href=\"https:\/\/fauchon.com.tr\/wp-content\/uploads\/2023\/06\/FAD00555.jpg\" data-elementor-open-lightbox=\"yes\" data-elementor-lightbox-slideshow=\"bed1bb4\" data-elementor-lightbox-title=\"FAD00555\" data-e-action-hash=\"#elementor-action%3Aaction%3Dlightbox%26settings%3DeyJpZCI6MTIwMCwidXJsIjoiaHR0cHM6XC9cL2ZhdWNob24uY29tLnRyXC93cC1jb250ZW50XC91cGxvYWRzXC8yMDIzXC8wNlwvRkFEMDA1NTUuanBnIiwic2xpZGVzaG93IjoiYmVkMWJiNCJ9\">\n\t\t\t\t\t<div class=\"e-gallery-image elementor-gallery-item__image\" data-thumbnail=\"https:\/\/fauchon.com.tr\/wp-content\/uploads\/2023\/06\/FAD00555.jpg\" data-width=\"1362\" data-height=\"909\" aria-label=\"\" role=\"img\" ><\/div>\n\t\t\t\t\t\t\t\t\t\t\t<div class=\"elementor-gallery-item__overlay\"><\/div>\n\t\t\t\t\t\t\t\t\t\t\t\t\t\t<\/a>\n\t\t\t\t\t\t\t<a class=\"e-gallery-item elementor-gallery-item elementor-animated-content\" href=\"https:\/\/fauchon.com.tr\/wp-content\/uploads\/2023\/06\/FAD00450.jpg\" data-elementor-open-lightbox=\"yes\" data-elementor-lightbox-slideshow=\"bed1bb4\" data-elementor-lightbox-title=\"FAD00450\" data-e-action-hash=\"#elementor-action%3Aaction%3Dlightbox%26settings%3DeyJpZCI6MTE5NSwidXJsIjoiaHR0cHM6XC9cL2ZhdWNob24uY29tLnRyXC93cC1jb250ZW50XC91cGxvYWRzXC8yMDIzXC8wNlwvRkFEMDA0NTAuanBnIiwic2xpZGVzaG93IjoiYmVkMWJiNCJ9\">\n\t\t\t\t\t<div class=\"e-gallery-image elementor-gallery-item__image\" data-thumbnail=\"https:\/\/fauchon.com.tr\/wp-content\/uploads\/2023\/06\/FAD00450.jpg\" data-width=\"1036\" data-height=\"691\" aria-label=\"\" role=\"img\" ><\/div>\n\t\t\t\t\t\t\t\t\t\t\t<div class=\"elementor-gallery-item__overlay\"><\/div>\n\t\t\t\t\t\t\t\t\t\t\t\t\t\t<\/a>\n\t\t\t\t\t\t\t<a class=\"e-gallery-item elementor-gallery-item elementor-animated-content\" href=\"https:\/\/fauchon.com.tr\/wp-content\/uploads\/2023\/06\/FAD00541.jpg\" data-elementor-open-lightbox=\"yes\" data-elementor-lightbox-slideshow=\"bed1bb4\" data-elementor-lightbox-title=\"FAD00541\" data-e-action-hash=\"#elementor-action%3Aaction%3Dlightbox%26settings%3DeyJpZCI6MTE5OSwidXJsIjoiaHR0cHM6XC9cL2ZhdWNob24uY29tLnRyXC93cC1jb250ZW50XC91cGxvYWRzXC8yMDIzXC8wNlwvRkFEMDA1NDEuanBnIiwic2xpZGVzaG93IjoiYmVkMWJiNCJ9\">\n\t\t\t\t\t<div class=\"e-gallery-image elementor-gallery-item__image\" data-thumbnail=\"https:\/\/fauchon.com.tr\/wp-content\/uploads\/2023\/06\/FAD00541.jpg\" data-width=\"1280\" data-height=\"854\" aria-label=\"\" role=\"img\" ><\/div>\n\t\t\t\t\t\t\t\t\t\t\t<div class=\"elementor-gallery-item__overlay\"><\/div>\n\t\t\t\t\t\t\t\t\t\t\t\t\t\t<\/a>\n\t\t\t\t\t\t\t<a class=\"e-gallery-item elementor-gallery-item elementor-animated-content\" href=\"https:\/\/fauchon.com.tr\/wp-content\/uploads\/2023\/06\/FAD00472.jpg\" data-elementor-open-lightbox=\"yes\" data-elementor-lightbox-slideshow=\"bed1bb4\" data-elementor-lightbox-title=\"FAD00472\" data-e-action-hash=\"#elementor-action%3Aaction%3Dlightbox%26settings%3DeyJpZCI6MTE5OCwidXJsIjoiaHR0cHM6XC9cL2ZhdWNob24uY29tLnRyXC93cC1jb250ZW50XC91cGxvYWRzXC8yMDIzXC8wNlwvRkFEMDA0NzIuanBnIiwic2xpZGVzaG93IjoiYmVkMWJiNCJ9\">\n\t\t\t\t\t<div class=\"e-gallery-image elementor-gallery-item__image\" data-thumbnail=\"https:\/\/fauchon.com.tr\/wp-content\/uploads\/2023\/06\/FAD00472.jpg\" data-width=\"1468\" data-height=\"979\" aria-label=\"\" role=\"img\" ><\/div>\n\t\t\t\t\t\t\t\t\t\t\t<div class=\"elementor-gallery-item__overlay\"><\/div>\n\t\t\t\t\t\t\t\t\t\t\t\t\t\t<\/a>\n\t\t\t\t\t\t\t<a class=\"e-gallery-item elementor-gallery-item elementor-animated-content\" href=\"https:\/\/fauchon.com.tr\/wp-content\/uploads\/2023\/06\/FAD00467.jpg\" data-elementor-open-lightbox=\"yes\" data-elementor-lightbox-slideshow=\"bed1bb4\" data-elementor-lightbox-title=\"FAD00467\" data-e-action-hash=\"#elementor-action%3Aaction%3Dlightbox%26settings%3DeyJpZCI6MTE5NiwidXJsIjoiaHR0cHM6XC9cL2ZhdWNob24uY29tLnRyXC93cC1jb250ZW50XC91cGxvYWRzXC8yMDIzXC8wNlwvRkFEMDA0NjcuanBnIiwic2xpZGVzaG93IjoiYmVkMWJiNCJ9\">\n\t\t\t\t\t<div class=\"e-gallery-image elementor-gallery-item__image\" data-thumbnail=\"https:\/\/fauchon.com.tr\/wp-content\/uploads\/2023\/06\/FAD00467.jpg\" data-width=\"1390\" data-height=\"927\" aria-label=\"\" role=\"img\" ><\/div>\n\t\t\t\t\t\t\t\t\t\t\t<div class=\"elementor-gallery-item__overlay\"><\/div>\n\t\t\t\t\t\t\t\t\t\t\t\t\t\t<\/a>\n\t\t\t\t\t<\/div>\n\t\t\t\t\t<\/div>\n\t\t\t\t<\/div>\n\t\t\t\t\t<\/div>\n\t\t<\/div>\n\t\t\t\t\t<\/div>\n\t\t<\/section>\n\t\t\t\t<\/div>","protected":false},"excerpt":{"rendered":"<p>Ana Sayfa MAKARON Her \u0131s\u0131r\u0131kta Paris&#8217;e g\u00f6t\u00fcren lezzet Fauchon Paris makaronlar\u0131 Frans\u0131z pastac\u0131l\u0131\u011f\u0131n\u0131n zarafetini ve m\u00fckemmelli\u011fini bir araya getirir. \u0130ki ince, \u00e7\u0131t\u0131r badem merenginin aras\u0131ndaki kremsi dolgu, her \u0131s\u0131r\u0131kta damakta eriyerek unutulmaz bir lezzet deneyimi sunar. FAUCHON\u2019un \u00f6zenle se\u00e7ilmi\u015f malzemeleriyle haz\u0131rlanan bu renkli lezzetler, \u00e7ikolata, vanilya, Antep f\u0131st\u0131\u011f\u0131, mango, kahve, Frenk \u00fcz\u00fcm\u00fc, limon, karamel&#8230; Sanat [&hellip;]<\/p>","protected":false},"author":1,"featured_media":0,"parent":0,"menu_order":0,"comment_status":"closed","ping_status":"closed","template":"page-templates\/fullwidth-content.php","meta":{"footnotes":""},"class_list":["post-531","page","type-page","status-publish","hentry"],"_links":{"self":[{"href":"https:\/\/fauchon.com.tr\/en\/wp-json\/wp\/v2\/pages\/531","targetHints":{"allow":["GET"]}}],"collection":[{"href":"https:\/\/fauchon.com.tr\/en\/wp-json\/wp\/v2\/pages"}],"about":[{"href":"https:\/\/fauchon.com.tr\/en\/wp-json\/wp\/v2\/types\/page"}],"author":[{"embeddable":true,"href":"https:\/\/fauchon.com.tr\/en\/wp-json\/wp\/v2\/users\/1"}],"replies":[{"embeddable":true,"href":"https:\/\/fauchon.com.tr\/en\/wp-json\/wp\/v2\/comments?post=531"}],"version-history":[{"count":55,"href":"https:\/\/fauchon.com.tr\/en\/wp-json\/wp\/v2\/pages\/531\/revisions"}],"predecessor-version":[{"id":1407,"href":"https:\/\/fauchon.com.tr\/en\/wp-json\/wp\/v2\/pages\/531\/revisions\/1407"}],"wp:attachment":[{"href":"https:\/\/fauchon.com.tr\/en\/wp-json\/wp\/v2\/media?parent=531"}],"curies":[{"name":"wp","href":"https:\/\/api.w.org\/{rel}","templated":true}]}}