{"id":610,"date":"2022-10-17T08:12:54","date_gmt":"2022-10-17T08:12:54","guid":{"rendered":"https:\/\/fauchon.com.tr\/?page_id=610"},"modified":"2025-01-03T09:14:15","modified_gmt":"2025-01-03T06:14:15","slug":"hakkimizda","status":"publish","type":"page","link":"https:\/\/fauchon.com.tr\/en\/hakkimizda\/","title":{"rendered":"About Us"},"content":{"rendered":"<div data-elementor-type=\"wp-page\" data-elementor-id=\"610\" class=\"elementor elementor-610\" data-elementor-post-type=\"page\">\n\t\t\t\t\t\t<section class=\"elementor-section elementor-top-section elementor-element elementor-element-8e3f7eb elementor-section-boxed elementor-section-height-default elementor-section-height-default\" data-id=\"8e3f7eb\" data-element_type=\"section\" data-e-type=\"section\" data-settings=\"{&quot;jet_parallax_layout_list&quot;:[]}\">\n\t\t\t\t\t\t<div class=\"elementor-container elementor-column-gap-default\">\n\t\t\t\t\t<div class=\"elementor-column elementor-col-100 elementor-top-column elementor-element elementor-element-c039bdb\" data-id=\"c039bdb\" data-element_type=\"column\" data-e-type=\"column\">\n\t\t\t<div class=\"elementor-widget-wrap elementor-element-populated\">\n\t\t\t\t\t\t<div class=\"elementor-element elementor-element-1445fcb jet-breadcrumbs-align-center elementor-widget elementor-widget-jet-breadcrumbs\" data-id=\"1445fcb\" data-element_type=\"widget\" data-e-type=\"widget\" data-widget_type=\"jet-breadcrumbs.default\">\n\t\t\t\t<div class=\"elementor-widget-container\">\n\t\t\t\t\t<div class=\"elementor-jet-breadcrumbs jet-blocks\">\n\t\t<div class=\"jet-breadcrumbs\">\n\t\t<div class=\"jet-breadcrumbs__content\">\n\t\t<div class=\"jet-breadcrumbs__wrap\"><div class=\"jet-breadcrumbs__item\"><a href=\"https:\/\/fauchon.com.tr\/en\/\" class=\"jet-breadcrumbs__item-link is-home\" rel=\"home\" title=\"Ana Sayfa\">Ana Sayfa<\/a><\/div>\n\t\t<\/div>\n\t\t<\/div>\n\t\t<\/div><\/div>\t\t\t\t<\/div>\n\t\t\t\t<\/div>\n\t\t\t\t\t<\/div>\n\t\t<\/div>\n\t\t\t\t\t<\/div>\n\t\t<\/section>\n\t\t\t\t<section class=\"elementor-section elementor-top-section elementor-element elementor-element-53ee379 elementor-section-boxed elementor-section-height-default elementor-section-height-default\" data-id=\"53ee379\" data-element_type=\"section\" data-e-type=\"section\" data-settings=\"{&quot;jet_parallax_layout_list&quot;:[]}\">\n\t\t\t\t\t\t<div class=\"elementor-container elementor-column-gap-default\">\n\t\t\t\t\t<div class=\"elementor-column elementor-col-100 elementor-top-column elementor-element elementor-element-9821807\" data-id=\"9821807\" data-element_type=\"column\" data-e-type=\"column\">\n\t\t\t<div class=\"elementor-widget-wrap elementor-element-populated\">\n\t\t\t\t\t\t<div class=\"elementor-element elementor-element-60fdf92 elementor-widget elementor-widget-text-editor\" data-id=\"60fdf92\" data-element_type=\"widget\" data-e-type=\"widget\" data-widget_type=\"text-editor.default\">\n\t\t\t\t<div class=\"elementor-widget-container\">\n\t\t\t\t\t\t\t\t\t<p>HAKKIMIZDA<\/p>\t\t\t\t\t\t\t\t<\/div>\n\t\t\t\t<\/div>\n\t\t\t\t\t<\/div>\n\t\t<\/div>\n\t\t\t\t\t<\/div>\n\t\t<\/section>\n\t\t\t\t<section class=\"elementor-section elementor-top-section elementor-element elementor-element-36b9fc9 elementor-section-boxed elementor-section-height-default elementor-section-height-default\" data-id=\"36b9fc9\" data-element_type=\"section\" data-e-type=\"section\" data-settings=\"{&quot;jet_parallax_layout_list&quot;:[]}\">\n\t\t\t\t\t\t<div class=\"elementor-container elementor-column-gap-default\">\n\t\t\t\t\t<div class=\"elementor-column elementor-col-100 elementor-top-column elementor-element elementor-element-d6c35c8\" data-id=\"d6c35c8\" data-element_type=\"column\" data-e-type=\"column\">\n\t\t\t<div class=\"elementor-widget-wrap elementor-element-populated\">\n\t\t\t\t\t\t<div class=\"elementor-element elementor-element-c97f799 elementor-widget elementor-widget-text-editor\" data-id=\"c97f799\" data-element_type=\"widget\" data-e-type=\"widget\" data-widget_type=\"text-editor.default\">\n\t\t\t\t<div class=\"elementor-widget-container\">\n\t\t\t\t\t\t\t\t\t<p><strong>130 Y\u0131ldan Fazla Mutfak Sanat\u0131 Deneyimi<\/strong><\/p><p>FAUCHON, y\u0131l boyunca t\u00fcm \u00fcr\u00fcn kategorilerinde duyusal ve ki\u015fisel bir deneyim sunar: \u015fark\u00fcteri, pastac\u0131l\u0131k, \u00e7ay, \u015fekerleme ve \u00e7ikolata. Tasar\u0131mlar\u0131n\u0131n zarafetini, tariflerinin inceli\u011fini ve hediye kutular\u0131n\u0131n haz\u0131rlanmas\u0131ndaki k\u00f6kl\u00fc bilgi birikimini birle\u015ftiren FAUCHON, rafine ve gurme hediyelerin referans noktas\u0131d\u0131r.<\/p><p>1886&#8217;dan beri, FAUCHON uzmanlar\u0131 Fransa genelinde ola\u011fan\u00fcst\u00fc kalitede hammaddeler aray\u0131\u015f\u0131na \u00e7\u0131km\u0131\u015ft\u0131r. Bug\u00fcn, \u015feflerinin yarat\u0131c\u0131l\u0131\u011f\u0131 ve tutkusuyla y\u00f6nlendirilen FAUCHON, Frans\u0131z mutfak miras\u0131ndan, mevsimlerden ve zamandan ilham alan yenilik\u00e7i lezzetlerle dolu yeni bir deneyim sunuyor.<\/p><p>En k\u00fc\u00e7\u00fck ayr\u0131nt\u0131dan ola\u011fan\u00fcst\u00fc hediyelere kadar, FAUCHON her biri kendi cesaretine sahip geni\u015f bir hediye kutusu ve lezzet yelpazesi hayal etti. G\u00f6zlere ve damaklara ziyafet, t\u00fcm duyulara hitap eden bir deneyim&#8230;<\/p>\t\t\t\t\t\t\t\t<\/div>\n\t\t\t\t<\/div>\n\t\t\t\t\t<\/div>\n\t\t<\/div>\n\t\t\t\t\t<\/div>\n\t\t<\/section>\n\t\t\t\t<section class=\"elementor-section elementor-top-section elementor-element elementor-element-16c7ef4 elementor-section-full_width elementor-section-height-min-height elementor-section-content-middle elementor-section-height-default elementor-section-items-middle\" data-id=\"16c7ef4\" data-element_type=\"section\" data-e-type=\"section\" data-settings=\"{&quot;jet_parallax_layout_list&quot;:[]}\">\n\t\t\t\t\t\t<div class=\"elementor-container elementor-column-gap-no\">\n\t\t\t\t\t<div class=\"elementor-column elementor-col-50 elementor-top-column elementor-element elementor-element-286c253\" data-id=\"286c253\" data-element_type=\"column\" data-e-type=\"column\">\n\t\t\t<div class=\"elementor-widget-wrap elementor-element-populated\">\n\t\t\t\t\t\t<div class=\"elementor-element elementor-element-78cfc08 elementor-widget elementor-widget-image\" data-id=\"78cfc08\" data-element_type=\"widget\" data-e-type=\"widget\" data-widget_type=\"image.default\">\n\t\t\t\t<div class=\"elementor-widget-container\">\n\t\t\t\t\t\t\t\t\t\t\t\t\t\t\t<img fetchpriority=\"high\" decoding=\"async\" width=\"1116\" height=\"612\" src=\"https:\/\/fauchon.com.tr\/wp-content\/uploads\/2022\/10\/histoire-fauchon-2.jpg\" class=\"attachment-full size-full wp-image-616\" alt=\"\" srcset=\"https:\/\/fauchon.com.tr\/wp-content\/uploads\/2022\/10\/histoire-fauchon-2.jpg 1116w, https:\/\/fauchon.com.tr\/wp-content\/uploads\/2022\/10\/histoire-fauchon-2-300x165.jpg 300w, https:\/\/fauchon.com.tr\/wp-content\/uploads\/2022\/10\/histoire-fauchon-2-1024x562.jpg 1024w, https:\/\/fauchon.com.tr\/wp-content\/uploads\/2022\/10\/histoire-fauchon-2-768x421.jpg 768w, https:\/\/fauchon.com.tr\/wp-content\/uploads\/2022\/10\/histoire-fauchon-2-600x329.jpg 600w\" sizes=\"(max-width: 1116px) 100vw, 1116px\" \/>\t\t\t\t\t\t\t\t\t\t\t\t\t\t\t<\/div>\n\t\t\t\t<\/div>\n\t\t\t\t\t<\/div>\n\t\t<\/div>\n\t\t\t\t<div class=\"elementor-column elementor-col-50 elementor-top-column elementor-element elementor-element-40dfa02 makaronarka\" data-id=\"40dfa02\" data-element_type=\"column\" data-e-type=\"column\" data-settings=\"{&quot;background_background&quot;:&quot;classic&quot;}\">\n\t\t\t<div class=\"elementor-widget-wrap elementor-element-populated\">\n\t\t\t\t\t\t<div class=\"elementor-element elementor-element-ae59aa6 elementor-widget elementor-widget-text-editor\" data-id=\"ae59aa6\" data-element_type=\"widget\" data-e-type=\"widget\" data-widget_type=\"text-editor.default\">\n\t\t\t\t<div class=\"elementor-widget-container\">\n\t\t\t\t\t\t\t\t\t<p>1886 y\u0131l\u0131nda Paris\u2019te kuruldu\u011fundan beri, FAUCHON Frans\u0131z tarz\u0131nda ve d\u00fcnya genelinde mutfak m\u00fckemmeliyetini payla\u015fmaktad\u0131r. Nadir ve benzersiz olan\u0131 sunan bu marka, fantezi, cesaret ve yarat\u0131c\u0131l\u0131\u011f\u0131 bir araya getirir. Her \u015fey 1880&#8217;lerin ba\u015f\u0131nda ba\u015flad\u0131. Calvados\u2019tan do\u011frudan gelen Auguste F\u00e9lix Fauchon, kariyerine F\u00e9lix Potin\u2019de \u00e7\u0131rak olarak ba\u015flad\u0131, ard\u0131ndan 1885\u2019te Madeleine pazar\u0131na kat\u0131ld\u0131 ve Fransa&#8217;n\u0131n en iyi meyve bah\u00e7eleri ve sebze bah\u00e7elerinden d\u00f6rt mevsim arabas\u0131yla meyve ve sebze getirdi. Bir y\u0131l sonra, Place de la Madeleine\u2019de Frans\u0131z \u00fcr\u00fcnlerinde uzmanla\u015fan ilk pazar\u0131n\u0131 a\u00e7t\u0131.<\/p>\t\t\t\t\t\t\t\t<\/div>\n\t\t\t\t<\/div>\n\t\t\t\t\t<\/div>\n\t\t<\/div>\n\t\t\t\t\t<\/div>\n\t\t<\/section>\n\t\t\t\t<section class=\"elementor-section elementor-top-section elementor-element elementor-element-57a11a0 elementor-section-boxed elementor-section-height-default elementor-section-height-default\" data-id=\"57a11a0\" data-element_type=\"section\" data-e-type=\"section\" data-settings=\"{&quot;jet_parallax_layout_list&quot;:[]}\">\n\t\t\t\t\t\t<div class=\"elementor-container elementor-column-gap-default\">\n\t\t\t\t\t<div class=\"elementor-column elementor-col-100 elementor-top-column elementor-element elementor-element-831f9c8\" data-id=\"831f9c8\" data-element_type=\"column\" data-e-type=\"column\">\n\t\t\t<div class=\"elementor-widget-wrap elementor-element-populated\">\n\t\t\t\t\t\t<div class=\"elementor-element elementor-element-8b9f8c9 elementor-widget elementor-widget-spacer\" data-id=\"8b9f8c9\" data-element_type=\"widget\" data-e-type=\"widget\" data-widget_type=\"spacer.default\">\n\t\t\t\t<div class=\"elementor-widget-container\">\n\t\t\t\t\t\t\t<div class=\"elementor-spacer\">\n\t\t\t<div class=\"elementor-spacer-inner\"><\/div>\n\t\t<\/div>\n\t\t\t\t\t\t<\/div>\n\t\t\t\t<\/div>\n\t\t\t\t\t<\/div>\n\t\t<\/div>\n\t\t\t\t\t<\/div>\n\t\t<\/section>\n\t\t\t\t<section class=\"elementor-section elementor-top-section elementor-element elementor-element-dce9002 elementor-section-full_width elementor-section-height-min-height elementor-section-content-middle elementor-section-height-default elementor-section-items-middle\" data-id=\"dce9002\" data-element_type=\"section\" data-e-type=\"section\" data-settings=\"{&quot;jet_parallax_layout_list&quot;:[]}\">\n\t\t\t\t\t\t<div class=\"elementor-container elementor-column-gap-no\">\n\t\t\t\t\t<div class=\"elementor-column elementor-col-50 elementor-top-column elementor-element elementor-element-5e25eee makaronarka\" data-id=\"5e25eee\" data-element_type=\"column\" data-e-type=\"column\" data-settings=\"{&quot;background_background&quot;:&quot;classic&quot;}\">\n\t\t\t<div class=\"elementor-widget-wrap elementor-element-populated\">\n\t\t\t\t\t\t<div class=\"elementor-element elementor-element-eef6d6c elementor-widget elementor-widget-text-editor\" data-id=\"eef6d6c\" data-element_type=\"widget\" data-e-type=\"widget\" data-widget_type=\"text-editor.default\">\n\t\t\t\t<div class=\"elementor-widget-container\">\n\t\t\t\t\t\t\t\t\t<p>FAUCHON ile birlikte Auguste, LU bisk\u00fcvileri (daha sonra Sarah Bernhardt&#8217;\u0131n reklam\u0131n\u0131 yapaca\u011f\u0131) ve FAUCHON\u2019daki \u00fcnl\u00fc Maggi bulyon k\u00fcpleri gibi ola\u011fan\u00fcst\u00fc kaliteli \u00fcr\u00fcnleri sayesinde t\u00fcm Paris\u2019in g\u00f6zdesi haline geldi.<\/p>\t\t\t\t\t\t\t\t<\/div>\n\t\t\t\t<\/div>\n\t\t\t\t\t<\/div>\n\t\t<\/div>\n\t\t\t\t<div class=\"elementor-column elementor-col-50 elementor-top-column elementor-element elementor-element-fce0d7c\" data-id=\"fce0d7c\" data-element_type=\"column\" data-e-type=\"column\">\n\t\t\t<div class=\"elementor-widget-wrap elementor-element-populated\">\n\t\t\t\t\t\t<div class=\"elementor-element elementor-element-d72ccfe elementor-widget elementor-widget-image\" data-id=\"d72ccfe\" data-element_type=\"widget\" data-e-type=\"widget\" data-widget_type=\"image.default\">\n\t\t\t\t<div class=\"elementor-widget-container\">\n\t\t\t\t\t\t\t\t\t\t\t\t\t\t\t<img decoding=\"async\" width=\"1116\" height=\"612\" src=\"https:\/\/fauchon.com.tr\/wp-content\/uploads\/2022\/10\/histoire-fauchon.jpg\" class=\"attachment-full size-full wp-image-621\" alt=\"\" srcset=\"https:\/\/fauchon.com.tr\/wp-content\/uploads\/2022\/10\/histoire-fauchon.jpg 1116w, https:\/\/fauchon.com.tr\/wp-content\/uploads\/2022\/10\/histoire-fauchon-300x165.jpg 300w, https:\/\/fauchon.com.tr\/wp-content\/uploads\/2022\/10\/histoire-fauchon-1024x562.jpg 1024w, https:\/\/fauchon.com.tr\/wp-content\/uploads\/2022\/10\/histoire-fauchon-768x421.jpg 768w, https:\/\/fauchon.com.tr\/wp-content\/uploads\/2022\/10\/histoire-fauchon-600x329.jpg 600w\" sizes=\"(max-width: 1116px) 100vw, 1116px\" \/>\t\t\t\t\t\t\t\t\t\t\t\t\t\t\t<\/div>\n\t\t\t\t<\/div>\n\t\t\t\t\t<\/div>\n\t\t<\/div>\n\t\t\t\t\t<\/div>\n\t\t<\/section>\n\t\t\t\t<section class=\"elementor-section elementor-top-section elementor-element elementor-element-e9d5f7a elementor-section-boxed elementor-section-height-default elementor-section-height-default\" data-id=\"e9d5f7a\" data-element_type=\"section\" data-e-type=\"section\" data-settings=\"{&quot;jet_parallax_layout_list&quot;:[]}\">\n\t\t\t\t\t\t<div class=\"elementor-container elementor-column-gap-default\">\n\t\t\t\t\t<div class=\"elementor-column elementor-col-100 elementor-top-column elementor-element elementor-element-4c64ae2\" data-id=\"4c64ae2\" data-element_type=\"column\" data-e-type=\"column\">\n\t\t\t<div class=\"elementor-widget-wrap elementor-element-populated\">\n\t\t\t\t\t\t<div class=\"elementor-element elementor-element-a94fdc1 elementor-widget elementor-widget-spacer\" data-id=\"a94fdc1\" data-element_type=\"widget\" data-e-type=\"widget\" data-widget_type=\"spacer.default\">\n\t\t\t\t<div class=\"elementor-widget-container\">\n\t\t\t\t\t\t\t<div class=\"elementor-spacer\">\n\t\t\t<div class=\"elementor-spacer-inner\"><\/div>\n\t\t<\/div>\n\t\t\t\t\t\t<\/div>\n\t\t\t\t<\/div>\n\t\t\t\t\t<\/div>\n\t\t<\/div>\n\t\t\t\t\t<\/div>\n\t\t<\/section>\n\t\t\t\t<section class=\"elementor-section elementor-top-section elementor-element elementor-element-2c2ec20 elementor-section-full_width elementor-section-height-min-height elementor-section-content-middle elementor-section-height-default elementor-section-items-middle\" data-id=\"2c2ec20\" data-element_type=\"section\" data-e-type=\"section\" data-settings=\"{&quot;jet_parallax_layout_list&quot;:[]}\">\n\t\t\t\t\t\t<div class=\"elementor-container elementor-column-gap-no\">\n\t\t\t\t\t<div class=\"elementor-column elementor-col-50 elementor-top-column elementor-element elementor-element-b0b8678\" data-id=\"b0b8678\" data-element_type=\"column\" data-e-type=\"column\">\n\t\t\t<div class=\"elementor-widget-wrap elementor-element-populated\">\n\t\t\t\t\t\t<div class=\"elementor-element elementor-element-f9fc5b1 elementor-widget elementor-widget-image\" data-id=\"f9fc5b1\" data-element_type=\"widget\" data-e-type=\"widget\" data-widget_type=\"image.default\">\n\t\t\t\t<div class=\"elementor-widget-container\">\n\t\t\t\t\t\t\t\t\t\t\t\t\t\t\t<img decoding=\"async\" width=\"1116\" height=\"612\" src=\"https:\/\/fauchon.com.tr\/wp-content\/uploads\/2022\/10\/photo_historique_fauchon.jpg\" class=\"attachment-full size-full wp-image-622\" alt=\"\" srcset=\"https:\/\/fauchon.com.tr\/wp-content\/uploads\/2022\/10\/photo_historique_fauchon.jpg 1116w, https:\/\/fauchon.com.tr\/wp-content\/uploads\/2022\/10\/photo_historique_fauchon-300x165.jpg 300w, https:\/\/fauchon.com.tr\/wp-content\/uploads\/2022\/10\/photo_historique_fauchon-1024x562.jpg 1024w, https:\/\/fauchon.com.tr\/wp-content\/uploads\/2022\/10\/photo_historique_fauchon-768x421.jpg 768w, https:\/\/fauchon.com.tr\/wp-content\/uploads\/2022\/10\/photo_historique_fauchon-600x329.jpg 600w\" sizes=\"(max-width: 1116px) 100vw, 1116px\" \/>\t\t\t\t\t\t\t\t\t\t\t\t\t\t\t<\/div>\n\t\t\t\t<\/div>\n\t\t\t\t\t<\/div>\n\t\t<\/div>\n\t\t\t\t<div class=\"elementor-column elementor-col-50 elementor-top-column elementor-element elementor-element-b35010f makaronarka\" data-id=\"b35010f\" data-element_type=\"column\" data-e-type=\"column\" data-settings=\"{&quot;background_background&quot;:&quot;classic&quot;}\">\n\t\t\t<div class=\"elementor-widget-wrap elementor-element-populated\">\n\t\t\t\t\t\t<div class=\"elementor-element elementor-element-c10b28b elementor-widget elementor-widget-text-editor\" data-id=\"c10b28b\" data-element_type=\"widget\" data-e-type=\"widget\" data-widget_type=\"text-editor.default\">\n\t\t\t\t<div class=\"elementor-widget-container\">\n\t\t\t\t\t\t\t\t\t<p>FAUCHON Paris \u015fu anda Japonya\u2019dan Meksika\u2019ya kadar bir\u00e7ok \u00fclkede yiyecek, i\u00e7ecek ve a\u011f\u0131rlama sekt\u00f6r\u00fcnde hizmet veriyor. T\u00fcrkiye\u2019de 2015 y\u0131l\u0131ndan bu yana \u015fubeler a\u00e7an FAUCHON Paris, Frans\u0131z pasta ve mutfak sanat\u0131n\u0131 T\u00fcrk misafirlerine gururla sunmaktad\u0131r.<\/p>\t\t\t\t\t\t\t\t<\/div>\n\t\t\t\t<\/div>\n\t\t\t\t\t<\/div>\n\t\t<\/div>\n\t\t\t\t\t<\/div>\n\t\t<\/section>\n\t\t\t\t<\/div>","protected":false},"excerpt":{"rendered":"<p>Ana Sayfa HAKKIMIZDA 130 Y\u0131ldan Fazla Mutfak Sanat\u0131 Deneyimi FAUCHON, y\u0131l boyunca t\u00fcm \u00fcr\u00fcn kategorilerinde duyusal ve ki\u015fisel bir deneyim sunar: \u015fark\u00fcteri, pastac\u0131l\u0131k, \u00e7ay, \u015fekerleme ve \u00e7ikolata. Tasar\u0131mlar\u0131n\u0131n zarafetini, tariflerinin inceli\u011fini ve hediye kutular\u0131n\u0131n haz\u0131rlanmas\u0131ndaki k\u00f6kl\u00fc bilgi birikimini birle\u015ftiren FAUCHON, rafine ve gurme hediyelerin referans noktas\u0131d\u0131r. 1886&#8217;dan beri, FAUCHON uzmanlar\u0131 Fransa genelinde ola\u011fan\u00fcst\u00fc kalitede hammaddeler [&hellip;]<\/p>","protected":false},"author":1,"featured_media":0,"parent":0,"menu_order":0,"comment_status":"closed","ping_status":"closed","template":"page-templates\/fullwidth-content.php","meta":{"footnotes":""},"class_list":["post-610","page","type-page","status-publish","hentry"],"_links":{"self":[{"href":"https:\/\/fauchon.com.tr\/en\/wp-json\/wp\/v2\/pages\/610","targetHints":{"allow":["GET"]}}],"collection":[{"href":"https:\/\/fauchon.com.tr\/en\/wp-json\/wp\/v2\/pages"}],"about":[{"href":"https:\/\/fauchon.com.tr\/en\/wp-json\/wp\/v2\/types\/page"}],"author":[{"embeddable":true,"href":"https:\/\/fauchon.com.tr\/en\/wp-json\/wp\/v2\/users\/1"}],"replies":[{"embeddable":true,"href":"https:\/\/fauchon.com.tr\/en\/wp-json\/wp\/v2\/comments?post=610"}],"version-history":[{"count":29,"href":"https:\/\/fauchon.com.tr\/en\/wp-json\/wp\/v2\/pages\/610\/revisions"}],"predecessor-version":[{"id":1460,"href":"https:\/\/fauchon.com.tr\/en\/wp-json\/wp\/v2\/pages\/610\/revisions\/1460"}],"wp:attachment":[{"href":"https:\/\/fauchon.com.tr\/en\/wp-json\/wp\/v2\/media?parent=610"}],"curies":[{"name":"wp","href":"https:\/\/api.w.org\/{rel}","templated":true}]}}