{"id":813,"date":"2022-11-11T20:08:37","date_gmt":"2022-11-11T20:08:37","guid":{"rendered":"https:\/\/fauchon.com.tr\/?page_id=813"},"modified":"2024-09-23T04:51:56","modified_gmt":"2024-09-23T01:51:56","slug":"ekler","status":"publish","type":"page","link":"https:\/\/fauchon.com.tr\/en\/ekler\/","title":{"rendered":"Ekler"},"content":{"rendered":"<div data-elementor-type=\"wp-page\" data-elementor-id=\"813\" class=\"elementor elementor-813\" data-elementor-post-type=\"page\">\n\t\t\t\t\t\t<section class=\"elementor-section elementor-top-section elementor-element elementor-element-5004e5b elementor-section-boxed elementor-section-height-default elementor-section-height-default\" data-id=\"5004e5b\" data-element_type=\"section\" data-e-type=\"section\" data-settings=\"{&quot;jet_parallax_layout_list&quot;:[]}\">\n\t\t\t\t\t\t<div class=\"elementor-container elementor-column-gap-default\">\n\t\t\t\t\t<div class=\"elementor-column elementor-col-100 elementor-top-column elementor-element elementor-element-3b0b7a8\" data-id=\"3b0b7a8\" data-element_type=\"column\" data-e-type=\"column\">\n\t\t\t<div class=\"elementor-widget-wrap elementor-element-populated\">\n\t\t\t\t\t\t<div class=\"elementor-element elementor-element-d6cf657 jet-breadcrumbs-align-center elementor-widget elementor-widget-jet-breadcrumbs\" data-id=\"d6cf657\" data-element_type=\"widget\" data-e-type=\"widget\" data-widget_type=\"jet-breadcrumbs.default\">\n\t\t\t\t<div class=\"elementor-widget-container\">\n\t\t\t\t\t<div class=\"elementor-jet-breadcrumbs jet-blocks\">\n\t\t<div class=\"jet-breadcrumbs\">\n\t\t<div class=\"jet-breadcrumbs__content\">\n\t\t<div class=\"jet-breadcrumbs__wrap\"><div class=\"jet-breadcrumbs__item\"><a href=\"https:\/\/fauchon.com.tr\/en\/\" class=\"jet-breadcrumbs__item-link is-home\" rel=\"home\" title=\"Ana Sayfa\">Ana Sayfa<\/a><\/div>\n\t\t<\/div>\n\t\t<\/div>\n\t\t<\/div><\/div>\t\t\t\t<\/div>\n\t\t\t\t<\/div>\n\t\t\t\t\t<\/div>\n\t\t<\/div>\n\t\t\t\t\t<\/div>\n\t\t<\/section>\n\t\t\t\t<section class=\"elementor-section elementor-top-section elementor-element elementor-element-40c7bda elementor-section-full_width elementor-section-height-min-height elementor-section-content-middle elementor-section-height-default elementor-section-items-middle\" data-id=\"40c7bda\" data-element_type=\"section\" data-e-type=\"section\" data-settings=\"{&quot;jet_parallax_layout_list&quot;:[]}\">\n\t\t\t\t\t\t<div class=\"elementor-container elementor-column-gap-no\">\n\t\t\t\t\t<div class=\"elementor-column elementor-col-50 elementor-top-column elementor-element elementor-element-0cf8a9b\" data-id=\"0cf8a9b\" data-element_type=\"column\" data-e-type=\"column\">\n\t\t\t<div class=\"elementor-widget-wrap elementor-element-populated\">\n\t\t\t\t\t\t<div class=\"elementor-element elementor-element-db22cf2 elementor-widget elementor-widget-image\" data-id=\"db22cf2\" data-element_type=\"widget\" data-e-type=\"widget\" data-widget_type=\"image.default\">\n\t\t\t\t<div class=\"elementor-widget-container\">\n\t\t\t\t\t\t\t\t\t\t\t\t\t\t\t<img fetchpriority=\"high\" decoding=\"async\" width=\"1275\" height=\"850\" src=\"https:\/\/fauchon.com.tr\/wp-content\/uploads\/2023\/06\/FAD00737.jpg\" class=\"attachment-full size-full wp-image-1183\" alt=\"\" srcset=\"https:\/\/fauchon.com.tr\/wp-content\/uploads\/2023\/06\/FAD00737.jpg 1275w, https:\/\/fauchon.com.tr\/wp-content\/uploads\/2023\/06\/FAD00737-300x200.jpg 300w, https:\/\/fauchon.com.tr\/wp-content\/uploads\/2023\/06\/FAD00737-1024x683.jpg 1024w, https:\/\/fauchon.com.tr\/wp-content\/uploads\/2023\/06\/FAD00737-768x512.jpg 768w, https:\/\/fauchon.com.tr\/wp-content\/uploads\/2023\/06\/FAD00737-600x400.jpg 600w, https:\/\/fauchon.com.tr\/wp-content\/uploads\/2023\/06\/FAD00737-80x54.jpg 80w, https:\/\/fauchon.com.tr\/wp-content\/uploads\/2023\/06\/FAD00737-65x44.jpg 65w, https:\/\/fauchon.com.tr\/wp-content\/uploads\/2023\/06\/FAD00737-48x32.jpg 48w\" sizes=\"(max-width: 1275px) 100vw, 1275px\" \/>\t\t\t\t\t\t\t\t\t\t\t\t\t\t\t<\/div>\n\t\t\t\t<\/div>\n\t\t\t\t\t<\/div>\n\t\t<\/div>\n\t\t\t\t<div class=\"elementor-column elementor-col-50 elementor-top-column elementor-element elementor-element-da4b821 makaronarka\" data-id=\"da4b821\" data-element_type=\"column\" data-e-type=\"column\" data-settings=\"{&quot;background_background&quot;:&quot;classic&quot;}\">\n\t\t\t<div class=\"elementor-widget-wrap elementor-element-populated\">\n\t\t\t\t\t\t<div class=\"elementor-element elementor-element-2705e24 elementor-widget elementor-widget-heading\" data-id=\"2705e24\" data-element_type=\"widget\" data-e-type=\"widget\" data-widget_type=\"heading.default\">\n\t\t\t\t<div class=\"elementor-widget-container\">\n\t\t\t\t\t<h2 class=\"elementor-heading-title elementor-size-large\">EKLER<\/h2>\t\t\t\t<\/div>\n\t\t\t\t<\/div>\n\t\t\t\t<div class=\"elementor-element elementor-element-d3d1bc5 elementor-widget elementor-widget-text-editor\" data-id=\"d3d1bc5\" data-element_type=\"widget\" data-e-type=\"widget\" data-widget_type=\"text-editor.default\">\n\t\t\t\t<div class=\"elementor-widget-container\">\n\t\t\t\t\t\t\t\t\t<h4>Her Lokmada Yeni Bir Ke\u015fif<\/h4><p>FAUCHON Paris \u00c9clair, \u00e7ikolatan\u0131n \u00f6tesinde bir lezzet d\u00fcnyas\u0131na davet ediyor. Klasik \u00e7ikolatal\u0131 \u00e9clair\u2019e ek olarak, vanilyadan karamelliye, meyve aromalar\u0131ndan kahve dolgusuna kadar her biri \u00f6zel olarak haz\u0131rlanm\u0131\u015f \u00e7e\u015fitlerimizle tan\u0131\u015f\u0131n. Alt\u0131n k\u0131vam\u0131nda hamur, ustal\u0131kla haz\u0131rlanan krema dolgular\u0131 ve \u00f6zenle i\u015flenmi\u015f kaplamalarla, her \u00e9clair damaklarda unutulmaz bir iz b\u0131rak\u0131yor. Tatl\u0131ya olan bak\u0131\u015f\u0131n\u0131z\u0131 tamamen de\u011fi\u015ftirecek bu lezzetleri denemek i\u00e7in FAUCHON\u2019a hemen gelin.<\/p>\t\t\t\t\t\t\t\t<\/div>\n\t\t\t\t<\/div>\n\t\t\t\t\t<\/div>\n\t\t<\/div>\n\t\t\t\t\t<\/div>\n\t\t<\/section>\n\t\t\t\t<section class=\"elementor-section elementor-top-section elementor-element elementor-element-916e363 elementor-section-boxed elementor-section-height-default elementor-section-height-default\" data-id=\"916e363\" data-element_type=\"section\" data-e-type=\"section\" data-settings=\"{&quot;jet_parallax_layout_list&quot;:[]}\">\n\t\t\t\t\t\t<div class=\"elementor-container elementor-column-gap-default\">\n\t\t\t\t\t<div class=\"elementor-column elementor-col-100 elementor-top-column elementor-element elementor-element-614a235\" data-id=\"614a235\" data-element_type=\"column\" data-e-type=\"column\">\n\t\t\t<div class=\"elementor-widget-wrap elementor-element-populated\">\n\t\t\t\t\t\t<div class=\"elementor-element elementor-element-a9ef0cb elementor-widget elementor-widget-spacer\" data-id=\"a9ef0cb\" data-element_type=\"widget\" data-e-type=\"widget\" data-widget_type=\"spacer.default\">\n\t\t\t\t<div class=\"elementor-widget-container\">\n\t\t\t\t\t\t\t<div class=\"elementor-spacer\">\n\t\t\t<div class=\"elementor-spacer-inner\"><\/div>\n\t\t<\/div>\n\t\t\t\t\t\t<\/div>\n\t\t\t\t<\/div>\n\t\t\t\t\t<\/div>\n\t\t<\/div>\n\t\t\t\t\t<\/div>\n\t\t<\/section>\n\t\t\t\t<section class=\"elementor-section elementor-top-section elementor-element elementor-element-66184f7 elementor-section-boxed elementor-section-height-default elementor-section-height-default\" data-id=\"66184f7\" data-element_type=\"section\" data-e-type=\"section\" data-settings=\"{&quot;jet_parallax_layout_list&quot;:[]}\">\n\t\t\t\t\t\t<div class=\"elementor-container elementor-column-gap-default\">\n\t\t\t\t\t<div class=\"elementor-column elementor-col-100 elementor-top-column elementor-element elementor-element-1ffb3ac\" data-id=\"1ffb3ac\" data-element_type=\"column\" data-e-type=\"column\">\n\t\t\t<div class=\"elementor-widget-wrap elementor-element-populated\">\n\t\t\t\t\t\t<div class=\"elementor-element elementor-element-7e7e4a0 elementor-widget elementor-widget-gallery\" data-id=\"7e7e4a0\" data-element_type=\"widget\" data-e-type=\"widget\" data-settings=\"{&quot;columns&quot;:3,&quot;lazyload&quot;:&quot;yes&quot;,&quot;gallery_layout&quot;:&quot;grid&quot;,&quot;columns_tablet&quot;:2,&quot;columns_mobile&quot;:1,&quot;gap&quot;:{&quot;unit&quot;:&quot;px&quot;,&quot;size&quot;:10,&quot;sizes&quot;:[]},&quot;gap_tablet&quot;:{&quot;unit&quot;:&quot;px&quot;,&quot;size&quot;:10,&quot;sizes&quot;:[]},&quot;gap_mobile&quot;:{&quot;unit&quot;:&quot;px&quot;,&quot;size&quot;:10,&quot;sizes&quot;:[]},&quot;link_to&quot;:&quot;file&quot;,&quot;aspect_ratio&quot;:&quot;3:2&quot;,&quot;overlay_background&quot;:&quot;yes&quot;,&quot;content_hover_animation&quot;:&quot;fade-in&quot;}\" data-widget_type=\"gallery.default\">\n\t\t\t\t<div class=\"elementor-widget-container\">\n\t\t\t\t\t\t\t<div class=\"elementor-gallery__container\">\n\t\t\t\t\t\t\t<a class=\"e-gallery-item elementor-gallery-item elementor-animated-content\" href=\"https:\/\/fauchon.com.tr\/wp-content\/uploads\/2023\/06\/FAD00748.jpg\" data-elementor-open-lightbox=\"yes\" data-elementor-lightbox-slideshow=\"7e7e4a0\" data-elementor-lightbox-title=\"FAD00748\" data-e-action-hash=\"#elementor-action%3Aaction%3Dlightbox%26settings%3DeyJpZCI6MTE4OCwidXJsIjoiaHR0cHM6XC9cL2ZhdWNob24uY29tLnRyXC93cC1jb250ZW50XC91cGxvYWRzXC8yMDIzXC8wNlwvRkFEMDA3NDguanBnIiwic2xpZGVzaG93IjoiN2U3ZTRhMCJ9\">\n\t\t\t\t\t<div class=\"e-gallery-image elementor-gallery-item__image\" data-thumbnail=\"https:\/\/fauchon.com.tr\/wp-content\/uploads\/2023\/06\/FAD00748.jpg\" data-width=\"1570\" data-height=\"1047\" aria-label=\"\" role=\"img\" ><\/div>\n\t\t\t\t\t\t\t\t\t\t\t<div class=\"elementor-gallery-item__overlay\"><\/div>\n\t\t\t\t\t\t\t\t\t\t\t\t\t\t<\/a>\n\t\t\t\t\t\t\t<a class=\"e-gallery-item elementor-gallery-item elementor-animated-content\" href=\"https:\/\/fauchon.com.tr\/wp-content\/uploads\/2023\/06\/FAD00737-1.jpg\" data-elementor-open-lightbox=\"yes\" data-elementor-lightbox-slideshow=\"7e7e4a0\" data-elementor-lightbox-title=\"FAD00737\" data-e-action-hash=\"#elementor-action%3Aaction%3Dlightbox%26settings%3DeyJpZCI6MTE4NywidXJsIjoiaHR0cHM6XC9cL2ZhdWNob24uY29tLnRyXC93cC1jb250ZW50XC91cGxvYWRzXC8yMDIzXC8wNlwvRkFEMDA3MzctMS5qcGciLCJzbGlkZXNob3ciOiI3ZTdlNGEwIn0%3D\">\n\t\t\t\t\t<div class=\"e-gallery-image elementor-gallery-item__image\" data-thumbnail=\"https:\/\/fauchon.com.tr\/wp-content\/uploads\/2023\/06\/FAD00737-1.jpg\" data-width=\"1275\" data-height=\"850\" aria-label=\"\" role=\"img\" ><\/div>\n\t\t\t\t\t\t\t\t\t\t\t<div class=\"elementor-gallery-item__overlay\"><\/div>\n\t\t\t\t\t\t\t\t\t\t\t\t\t\t<\/a>\n\t\t\t\t\t\t\t<a class=\"e-gallery-item elementor-gallery-item elementor-animated-content\" href=\"https:\/\/fauchon.com.tr\/wp-content\/uploads\/2023\/06\/FAD00730.jpg\" data-elementor-open-lightbox=\"yes\" data-elementor-lightbox-slideshow=\"7e7e4a0\" data-elementor-lightbox-title=\"FAD00730\" data-e-action-hash=\"#elementor-action%3Aaction%3Dlightbox%26settings%3DeyJpZCI6MTE4NiwidXJsIjoiaHR0cHM6XC9cL2ZhdWNob24uY29tLnRyXC93cC1jb250ZW50XC91cGxvYWRzXC8yMDIzXC8wNlwvRkFEMDA3MzAuanBnIiwic2xpZGVzaG93IjoiN2U3ZTRhMCJ9\">\n\t\t\t\t\t<div class=\"e-gallery-image elementor-gallery-item__image\" data-thumbnail=\"https:\/\/fauchon.com.tr\/wp-content\/uploads\/2023\/06\/FAD00730.jpg\" data-width=\"1434\" data-height=\"957\" aria-label=\"\" role=\"img\" ><\/div>\n\t\t\t\t\t\t\t\t\t\t\t<div class=\"elementor-gallery-item__overlay\"><\/div>\n\t\t\t\t\t\t\t\t\t\t\t\t\t\t<\/a>\n\t\t\t\t\t\t\t<a class=\"e-gallery-item elementor-gallery-item elementor-animated-content\" href=\"https:\/\/fauchon.com.tr\/wp-content\/uploads\/2023\/06\/FAD00728.jpg\" data-elementor-open-lightbox=\"yes\" data-elementor-lightbox-slideshow=\"7e7e4a0\" data-elementor-lightbox-title=\"FAD00728\" data-e-action-hash=\"#elementor-action%3Aaction%3Dlightbox%26settings%3DeyJpZCI6MTE4NSwidXJsIjoiaHR0cHM6XC9cL2ZhdWNob24uY29tLnRyXC93cC1jb250ZW50XC91cGxvYWRzXC8yMDIzXC8wNlwvRkFEMDA3MjguanBnIiwic2xpZGVzaG93IjoiN2U3ZTRhMCJ9\">\n\t\t\t\t\t<div class=\"e-gallery-image elementor-gallery-item__image\" data-thumbnail=\"https:\/\/fauchon.com.tr\/wp-content\/uploads\/2023\/06\/FAD00728.jpg\" data-width=\"1275\" data-height=\"851\" aria-label=\"\" role=\"img\" ><\/div>\n\t\t\t\t\t\t\t\t\t\t\t<div class=\"elementor-gallery-item__overlay\"><\/div>\n\t\t\t\t\t\t\t\t\t\t\t\t\t\t<\/a>\n\t\t\t\t\t\t\t<a class=\"e-gallery-item elementor-gallery-item elementor-animated-content\" href=\"https:\/\/fauchon.com.tr\/wp-content\/uploads\/2023\/06\/FAD00686.jpg\" data-elementor-open-lightbox=\"yes\" data-elementor-lightbox-slideshow=\"7e7e4a0\" data-elementor-lightbox-title=\"FAD00686\" data-e-action-hash=\"#elementor-action%3Aaction%3Dlightbox%26settings%3DeyJpZCI6MTE4NCwidXJsIjoiaHR0cHM6XC9cL2ZhdWNob24uY29tLnRyXC93cC1jb250ZW50XC91cGxvYWRzXC8yMDIzXC8wNlwvRkFEMDA2ODYuanBnIiwic2xpZGVzaG93IjoiN2U3ZTRhMCJ9\">\n\t\t\t\t\t<div class=\"e-gallery-image elementor-gallery-item__image\" data-thumbnail=\"https:\/\/fauchon.com.tr\/wp-content\/uploads\/2023\/06\/FAD00686.jpg\" data-width=\"1311\" data-height=\"874\" aria-label=\"\" role=\"img\" ><\/div>\n\t\t\t\t\t\t\t\t\t\t\t<div class=\"elementor-gallery-item__overlay\"><\/div>\n\t\t\t\t\t\t\t\t\t\t\t\t\t\t<\/a>\n\t\t\t\t\t\t\t<a class=\"e-gallery-item elementor-gallery-item elementor-animated-content\" href=\"https:\/\/fauchon.com.tr\/wp-content\/uploads\/2022\/10\/Fauchon-GNS_5971.jpg\" data-elementor-open-lightbox=\"yes\" data-elementor-lightbox-slideshow=\"7e7e4a0\" data-elementor-lightbox-title=\"Fauchon-GNS_5971\" data-e-action-hash=\"#elementor-action%3Aaction%3Dlightbox%26settings%3DeyJpZCI6NDcyLCJ1cmwiOiJodHRwczpcL1wvZmF1Y2hvbi5jb20udHJcL3dwLWNvbnRlbnRcL3VwbG9hZHNcLzIwMjJcLzEwXC9GYXVjaG9uLUdOU181OTcxLmpwZyIsInNsaWRlc2hvdyI6IjdlN2U0YTAifQ%3D%3D\">\n\t\t\t\t\t<div class=\"e-gallery-image elementor-gallery-item__image\" data-thumbnail=\"https:\/\/fauchon.com.tr\/wp-content\/uploads\/2022\/10\/Fauchon-GNS_5971.jpg\" data-width=\"2093\" data-height=\"1395\" aria-label=\"\" role=\"img\" ><\/div>\n\t\t\t\t\t\t\t\t\t\t\t<div class=\"elementor-gallery-item__overlay\"><\/div>\n\t\t\t\t\t\t\t\t\t\t\t\t\t\t<\/a>\n\t\t\t\t\t\t\t<a class=\"e-gallery-item elementor-gallery-item elementor-animated-content\" href=\"https:\/\/fauchon.com.tr\/wp-content\/uploads\/2022\/10\/Fauchon-GNS_5973.jpg\" data-elementor-open-lightbox=\"yes\" data-elementor-lightbox-slideshow=\"7e7e4a0\" data-elementor-lightbox-title=\"Fauchon-GNS_5973\" data-e-action-hash=\"#elementor-action%3Aaction%3Dlightbox%26settings%3DeyJpZCI6NDczLCJ1cmwiOiJodHRwczpcL1wvZmF1Y2hvbi5jb20udHJcL3dwLWNvbnRlbnRcL3VwbG9hZHNcLzIwMjJcLzEwXC9GYXVjaG9uLUdOU181OTczLmpwZyIsInNsaWRlc2hvdyI6IjdlN2U0YTAifQ%3D%3D\">\n\t\t\t\t\t<div class=\"e-gallery-image elementor-gallery-item__image\" data-thumbnail=\"https:\/\/fauchon.com.tr\/wp-content\/uploads\/2022\/10\/Fauchon-GNS_5973.jpg\" data-width=\"2352\" data-height=\"1568\" aria-label=\"\" role=\"img\" ><\/div>\n\t\t\t\t\t\t\t\t\t\t\t<div class=\"elementor-gallery-item__overlay\"><\/div>\n\t\t\t\t\t\t\t\t\t\t\t\t\t\t<\/a>\n\t\t\t\t\t\t\t<a class=\"e-gallery-item elementor-gallery-item elementor-animated-content\" href=\"https:\/\/fauchon.com.tr\/wp-content\/uploads\/2022\/10\/Fauchon-GNS_5982.jpg\" data-elementor-open-lightbox=\"yes\" data-elementor-lightbox-slideshow=\"7e7e4a0\" data-elementor-lightbox-title=\"Fauchon-GNS_5982\" data-e-action-hash=\"#elementor-action%3Aaction%3Dlightbox%26settings%3DeyJpZCI6NDc3LCJ1cmwiOiJodHRwczpcL1wvZmF1Y2hvbi5jb20udHJcL3dwLWNvbnRlbnRcL3VwbG9hZHNcLzIwMjJcLzEwXC9GYXVjaG9uLUdOU181OTgyLmpwZyIsInNsaWRlc2hvdyI6IjdlN2U0YTAifQ%3D%3D\">\n\t\t\t\t\t<div class=\"e-gallery-image elementor-gallery-item__image\" data-thumbnail=\"https:\/\/fauchon.com.tr\/wp-content\/uploads\/2022\/10\/Fauchon-GNS_5982.jpg\" data-width=\"2352\" data-height=\"1568\" aria-label=\"\" role=\"img\" ><\/div>\n\t\t\t\t\t\t\t\t\t\t\t<div class=\"elementor-gallery-item__overlay\"><\/div>\n\t\t\t\t\t\t\t\t\t\t\t\t\t\t<\/a>\n\t\t\t\t\t\t\t<a class=\"e-gallery-item elementor-gallery-item elementor-animated-content\" href=\"https:\/\/fauchon.com.tr\/wp-content\/uploads\/2022\/10\/Fauchon-GNS_5985.jpg\" data-elementor-open-lightbox=\"yes\" data-elementor-lightbox-slideshow=\"7e7e4a0\" data-elementor-lightbox-title=\"Fauchon-GNS_5985\" data-e-action-hash=\"#elementor-action%3Aaction%3Dlightbox%26settings%3DeyJpZCI6NDc4LCJ1cmwiOiJodHRwczpcL1wvZmF1Y2hvbi5jb20udHJcL3dwLWNvbnRlbnRcL3VwbG9hZHNcLzIwMjJcLzEwXC9GYXVjaG9uLUdOU181OTg1LmpwZyIsInNsaWRlc2hvdyI6IjdlN2U0YTAifQ%3D%3D\">\n\t\t\t\t\t<div class=\"e-gallery-image elementor-gallery-item__image\" data-thumbnail=\"https:\/\/fauchon.com.tr\/wp-content\/uploads\/2022\/10\/Fauchon-GNS_5985.jpg\" data-width=\"2352\" data-height=\"1568\" aria-label=\"\" role=\"img\" ><\/div>\n\t\t\t\t\t\t\t\t\t\t\t<div class=\"elementor-gallery-item__overlay\"><\/div>\n\t\t\t\t\t\t\t\t\t\t\t\t\t\t<\/a>\n\t\t\t\t\t\t\t<a class=\"e-gallery-item elementor-gallery-item elementor-animated-content\" href=\"https:\/\/fauchon.com.tr\/wp-content\/uploads\/2022\/10\/Fauchon-GNS_6040.jpg\" data-elementor-open-lightbox=\"yes\" data-elementor-lightbox-slideshow=\"7e7e4a0\" data-elementor-lightbox-title=\"Fauchon-GNS_6040\" data-e-action-hash=\"#elementor-action%3Aaction%3Dlightbox%26settings%3DeyJpZCI6NDg5LCJ1cmwiOiJodHRwczpcL1wvZmF1Y2hvbi5jb20udHJcL3dwLWNvbnRlbnRcL3VwbG9hZHNcLzIwMjJcLzEwXC9GYXVjaG9uLUdOU182MDQwLmpwZyIsInNsaWRlc2hvdyI6IjdlN2U0YTAifQ%3D%3D\">\n\t\t\t\t\t<div class=\"e-gallery-image elementor-gallery-item__image\" data-thumbnail=\"https:\/\/fauchon.com.tr\/wp-content\/uploads\/2022\/10\/Fauchon-GNS_6040.jpg\" data-width=\"2352\" data-height=\"1568\" aria-label=\"\" role=\"img\" ><\/div>\n\t\t\t\t\t\t\t\t\t\t\t<div class=\"elementor-gallery-item__overlay\"><\/div>\n\t\t\t\t\t\t\t\t\t\t\t\t\t\t<\/a>\n\t\t\t\t\t\t\t<a class=\"e-gallery-item elementor-gallery-item elementor-animated-content\" href=\"https:\/\/fauchon.com.tr\/wp-content\/uploads\/2022\/10\/Fauchon-GNS_6045.jpg\" data-elementor-open-lightbox=\"yes\" data-elementor-lightbox-slideshow=\"7e7e4a0\" data-elementor-lightbox-title=\"Fauchon-GNS_6045\" data-e-action-hash=\"#elementor-action%3Aaction%3Dlightbox%26settings%3DeyJpZCI6NDkwLCJ1cmwiOiJodHRwczpcL1wvZmF1Y2hvbi5jb20udHJcL3dwLWNvbnRlbnRcL3VwbG9hZHNcLzIwMjJcLzEwXC9GYXVjaG9uLUdOU182MDQ1LmpwZyIsInNsaWRlc2hvdyI6IjdlN2U0YTAifQ%3D%3D\">\n\t\t\t\t\t<div class=\"e-gallery-image elementor-gallery-item__image\" data-thumbnail=\"https:\/\/fauchon.com.tr\/wp-content\/uploads\/2022\/10\/Fauchon-GNS_6045.jpg\" data-width=\"1568\" data-height=\"2352\" aria-label=\"\" role=\"img\" ><\/div>\n\t\t\t\t\t\t\t\t\t\t\t<div class=\"elementor-gallery-item__overlay\"><\/div>\n\t\t\t\t\t\t\t\t\t\t\t\t\t\t<\/a>\n\t\t\t\t\t\t\t<a class=\"e-gallery-item elementor-gallery-item elementor-animated-content\" href=\"https:\/\/fauchon.com.tr\/wp-content\/uploads\/2022\/10\/Fauchon-GNS_6138-1.jpg\" data-elementor-open-lightbox=\"yes\" data-elementor-lightbox-slideshow=\"7e7e4a0\" data-elementor-lightbox-title=\"Fauchon-GNS_6138\" data-e-action-hash=\"#elementor-action%3Aaction%3Dlightbox%26settings%3DeyJpZCI6NzY2LCJ1cmwiOiJodHRwczpcL1wvZmF1Y2hvbi5jb20udHJcL3dwLWNvbnRlbnRcL3VwbG9hZHNcLzIwMjJcLzEwXC9GYXVjaG9uLUdOU182MTM4LTEuanBnIiwic2xpZGVzaG93IjoiN2U3ZTRhMCJ9\">\n\t\t\t\t\t<div class=\"e-gallery-image elementor-gallery-item__image\" data-thumbnail=\"https:\/\/fauchon.com.tr\/wp-content\/uploads\/2022\/10\/Fauchon-GNS_6138-1.jpg\" data-width=\"2352\" data-height=\"1568\" aria-label=\"\" role=\"img\" ><\/div>\n\t\t\t\t\t\t\t\t\t\t\t<div class=\"elementor-gallery-item__overlay\"><\/div>\n\t\t\t\t\t\t\t\t\t\t\t\t\t\t<\/a>\n\t\t\t\t\t\t\t<a class=\"e-gallery-item elementor-gallery-item elementor-animated-content\" href=\"https:\/\/fauchon.com.tr\/wp-content\/uploads\/2022\/10\/Fauchon-GNS_6143-1.jpg\" data-elementor-open-lightbox=\"yes\" data-elementor-lightbox-slideshow=\"7e7e4a0\" data-elementor-lightbox-title=\"Fauchon-GNS_6143\" data-e-action-hash=\"#elementor-action%3Aaction%3Dlightbox%26settings%3DeyJpZCI6NzY4LCJ1cmwiOiJodHRwczpcL1wvZmF1Y2hvbi5jb20udHJcL3dwLWNvbnRlbnRcL3VwbG9hZHNcLzIwMjJcLzEwXC9GYXVjaG9uLUdOU182MTQzLTEuanBnIiwic2xpZGVzaG93IjoiN2U3ZTRhMCJ9\">\n\t\t\t\t\t<div class=\"e-gallery-image elementor-gallery-item__image\" data-thumbnail=\"https:\/\/fauchon.com.tr\/wp-content\/uploads\/2022\/10\/Fauchon-GNS_6143-1.jpg\" data-width=\"2352\" data-height=\"1568\" aria-label=\"\" role=\"img\" ><\/div>\n\t\t\t\t\t\t\t\t\t\t\t<div class=\"elementor-gallery-item__overlay\"><\/div>\n\t\t\t\t\t\t\t\t\t\t\t\t\t\t<\/a>\n\t\t\t\t\t\t\t<a class=\"e-gallery-item elementor-gallery-item elementor-animated-content\" href=\"https:\/\/fauchon.com.tr\/wp-content\/uploads\/2022\/10\/Fauchon-GNS_6149-1.jpg\" data-elementor-open-lightbox=\"yes\" data-elementor-lightbox-slideshow=\"7e7e4a0\" data-elementor-lightbox-title=\"Fauchon-GNS_6149\" data-e-action-hash=\"#elementor-action%3Aaction%3Dlightbox%26settings%3DeyJpZCI6NzcxLCJ1cmwiOiJodHRwczpcL1wvZmF1Y2hvbi5jb20udHJcL3dwLWNvbnRlbnRcL3VwbG9hZHNcLzIwMjJcLzEwXC9GYXVjaG9uLUdOU182MTQ5LTEuanBnIiwic2xpZGVzaG93IjoiN2U3ZTRhMCJ9\">\n\t\t\t\t\t<div class=\"e-gallery-image elementor-gallery-item__image\" data-thumbnail=\"https:\/\/fauchon.com.tr\/wp-content\/uploads\/2022\/10\/Fauchon-GNS_6149-1.jpg\" data-width=\"2352\" data-height=\"1568\" aria-label=\"\" role=\"img\" ><\/div>\n\t\t\t\t\t\t\t\t\t\t\t<div class=\"elementor-gallery-item__overlay\"><\/div>\n\t\t\t\t\t\t\t\t\t\t\t\t\t\t<\/a>\n\t\t\t\t\t\t\t<a class=\"e-gallery-item elementor-gallery-item elementor-animated-content\" href=\"https:\/\/fauchon.com.tr\/wp-content\/uploads\/2022\/10\/Fauchon-GNS_6151-1.jpg\" data-elementor-open-lightbox=\"yes\" data-elementor-lightbox-slideshow=\"7e7e4a0\" data-elementor-lightbox-title=\"Fauchon-GNS_6151\" data-e-action-hash=\"#elementor-action%3Aaction%3Dlightbox%26settings%3DeyJpZCI6NzcyLCJ1cmwiOiJodHRwczpcL1wvZmF1Y2hvbi5jb20udHJcL3dwLWNvbnRlbnRcL3VwbG9hZHNcLzIwMjJcLzEwXC9GYXVjaG9uLUdOU182MTUxLTEuanBnIiwic2xpZGVzaG93IjoiN2U3ZTRhMCJ9\">\n\t\t\t\t\t<div class=\"e-gallery-image elementor-gallery-item__image\" data-thumbnail=\"https:\/\/fauchon.com.tr\/wp-content\/uploads\/2022\/10\/Fauchon-GNS_6151-1.jpg\" data-width=\"2352\" data-height=\"1568\" aria-label=\"\" role=\"img\" ><\/div>\n\t\t\t\t\t\t\t\t\t\t\t<div class=\"elementor-gallery-item__overlay\"><\/div>\n\t\t\t\t\t\t\t\t\t\t\t\t\t\t<\/a>\n\t\t\t\t\t\t\t<a class=\"e-gallery-item elementor-gallery-item elementor-animated-content\" href=\"https:\/\/fauchon.com.tr\/wp-content\/uploads\/2022\/10\/Fauchon-GNS_6153-1.jpg\" data-elementor-open-lightbox=\"yes\" data-elementor-lightbox-slideshow=\"7e7e4a0\" data-elementor-lightbox-title=\"Fauchon-GNS_6153\" data-e-action-hash=\"#elementor-action%3Aaction%3Dlightbox%26settings%3DeyJpZCI6NzczLCJ1cmwiOiJodHRwczpcL1wvZmF1Y2hvbi5jb20udHJcL3dwLWNvbnRlbnRcL3VwbG9hZHNcLzIwMjJcLzEwXC9GYXVjaG9uLUdOU182MTUzLTEuanBnIiwic2xpZGVzaG93IjoiN2U3ZTRhMCJ9\">\n\t\t\t\t\t<div class=\"e-gallery-image elementor-gallery-item__image\" data-thumbnail=\"https:\/\/fauchon.com.tr\/wp-content\/uploads\/2022\/10\/Fauchon-GNS_6153-1.jpg\" data-width=\"2352\" data-height=\"1568\" aria-label=\"\" role=\"img\" ><\/div>\n\t\t\t\t\t\t\t\t\t\t\t<div class=\"elementor-gallery-item__overlay\"><\/div>\n\t\t\t\t\t\t\t\t\t\t\t\t\t\t<\/a>\n\t\t\t\t\t<\/div>\n\t\t\t\t\t<\/div>\n\t\t\t\t<\/div>\n\t\t\t\t\t<\/div>\n\t\t<\/div>\n\t\t\t\t\t<\/div>\n\t\t<\/section>\n\t\t\t\t<\/div>","protected":false},"excerpt":{"rendered":"<p>Ana Sayfa EKLER Her Lokmada Yeni Bir Ke\u015fif FAUCHON Paris \u00c9clair, \u00e7ikolatan\u0131n \u00f6tesinde bir lezzet d\u00fcnyas\u0131na davet ediyor. Klasik \u00e7ikolatal\u0131 \u00e9clair\u2019e ek olarak, vanilyadan karamelliye, meyve aromalar\u0131ndan kahve dolgusuna kadar her biri \u00f6zel olarak haz\u0131rlanm\u0131\u015f \u00e7e\u015fitlerimizle tan\u0131\u015f\u0131n. Alt\u0131n k\u0131vam\u0131nda hamur, ustal\u0131kla haz\u0131rlanan krema dolgular\u0131 ve \u00f6zenle i\u015flenmi\u015f kaplamalarla, her \u00e9clair damaklarda unutulmaz bir iz b\u0131rak\u0131yor. [&hellip;]<\/p>","protected":false},"author":1,"featured_media":0,"parent":0,"menu_order":0,"comment_status":"closed","ping_status":"closed","template":"page-templates\/fullwidth-content.php","meta":{"footnotes":""},"class_list":["post-813","page","type-page","status-publish","hentry"],"_links":{"self":[{"href":"https:\/\/fauchon.com.tr\/en\/wp-json\/wp\/v2\/pages\/813","targetHints":{"allow":["GET"]}}],"collection":[{"href":"https:\/\/fauchon.com.tr\/en\/wp-json\/wp\/v2\/pages"}],"about":[{"href":"https:\/\/fauchon.com.tr\/en\/wp-json\/wp\/v2\/types\/page"}],"author":[{"embeddable":true,"href":"https:\/\/fauchon.com.tr\/en\/wp-json\/wp\/v2\/users\/1"}],"replies":[{"embeddable":true,"href":"https:\/\/fauchon.com.tr\/en\/wp-json\/wp\/v2\/comments?post=813"}],"version-history":[{"count":13,"href":"https:\/\/fauchon.com.tr\/en\/wp-json\/wp\/v2\/pages\/813\/revisions"}],"predecessor-version":[{"id":1404,"href":"https:\/\/fauchon.com.tr\/en\/wp-json\/wp\/v2\/pages\/813\/revisions\/1404"}],"wp:attachment":[{"href":"https:\/\/fauchon.com.tr\/en\/wp-json\/wp\/v2\/media?parent=813"}],"curies":[{"name":"wp","href":"https:\/\/api.w.org\/{rel}","templated":true}]}}