{"id":827,"date":"2022-11-12T01:39:50","date_gmt":"2022-11-12T01:39:50","guid":{"rendered":"https:\/\/fauchon.com.tr\/?page_id=827"},"modified":"2024-09-23T04:38:32","modified_gmt":"2024-09-23T01:38:32","slug":"pastalar","status":"publish","type":"page","link":"https:\/\/fauchon.com.tr\/en\/pastalar\/","title":{"rendered":"Pastalar"},"content":{"rendered":"<div data-elementor-type=\"wp-page\" data-elementor-id=\"827\" class=\"elementor elementor-827\" data-elementor-post-type=\"page\">\n\t\t\t\t\t\t<section class=\"elementor-section elementor-top-section elementor-element elementor-element-9a8a259 elementor-section-boxed elementor-section-height-default elementor-section-height-default\" data-id=\"9a8a259\" data-element_type=\"section\" data-e-type=\"section\" data-settings=\"{&quot;jet_parallax_layout_list&quot;:[]}\">\n\t\t\t\t\t\t<div class=\"elementor-container elementor-column-gap-default\">\n\t\t\t\t\t<div class=\"elementor-column elementor-col-100 elementor-top-column elementor-element elementor-element-3e44bd5\" data-id=\"3e44bd5\" data-element_type=\"column\" data-e-type=\"column\">\n\t\t\t<div class=\"elementor-widget-wrap elementor-element-populated\">\n\t\t\t\t\t\t<div class=\"elementor-element elementor-element-bd90003 jet-breadcrumbs-align-center elementor-widget elementor-widget-jet-breadcrumbs\" data-id=\"bd90003\" data-element_type=\"widget\" data-e-type=\"widget\" data-widget_type=\"jet-breadcrumbs.default\">\n\t\t\t\t<div class=\"elementor-widget-container\">\n\t\t\t\t\t<div class=\"elementor-jet-breadcrumbs jet-blocks\">\n\t\t<div class=\"jet-breadcrumbs\">\n\t\t<div class=\"jet-breadcrumbs__content\">\n\t\t<div class=\"jet-breadcrumbs__wrap\"><div class=\"jet-breadcrumbs__item\"><a href=\"https:\/\/fauchon.com.tr\/en\/\" class=\"jet-breadcrumbs__item-link is-home\" rel=\"home\" title=\"Ana Sayfa\">Ana Sayfa<\/a><\/div>\n\t\t<\/div>\n\t\t<\/div>\n\t\t<\/div><\/div>\t\t\t\t<\/div>\n\t\t\t\t<\/div>\n\t\t\t\t\t<\/div>\n\t\t<\/div>\n\t\t\t\t\t<\/div>\n\t\t<\/section>\n\t\t\t\t<section class=\"elementor-section elementor-top-section elementor-element elementor-element-56a2a5a elementor-section-full_width elementor-section-height-min-height elementor-section-content-middle elementor-section-height-default elementor-section-items-middle\" data-id=\"56a2a5a\" data-element_type=\"section\" data-e-type=\"section\" data-settings=\"{&quot;jet_parallax_layout_list&quot;:[]}\">\n\t\t\t\t\t\t<div class=\"elementor-container elementor-column-gap-no\">\n\t\t\t\t\t<div class=\"elementor-column elementor-col-50 elementor-top-column elementor-element elementor-element-ed1b350\" data-id=\"ed1b350\" data-element_type=\"column\" data-e-type=\"column\">\n\t\t\t<div class=\"elementor-widget-wrap elementor-element-populated\">\n\t\t\t\t\t\t<div class=\"elementor-element elementor-element-c4ebfaf elementor-widget elementor-widget-image\" data-id=\"c4ebfaf\" data-element_type=\"widget\" data-e-type=\"widget\" data-widget_type=\"image.default\">\n\t\t\t\t<div class=\"elementor-widget-container\">\n\t\t\t\t\t\t\t\t\t\t\t\t\t\t\t<img fetchpriority=\"high\" decoding=\"async\" width=\"1097\" height=\"732\" src=\"https:\/\/fauchon.com.tr\/wp-content\/uploads\/2023\/06\/FAD00604.jpg\" class=\"attachment-full size-full wp-image-1136\" alt=\"\" srcset=\"https:\/\/fauchon.com.tr\/wp-content\/uploads\/2023\/06\/FAD00604.jpg 1097w, https:\/\/fauchon.com.tr\/wp-content\/uploads\/2023\/06\/FAD00604-300x200.jpg 300w, https:\/\/fauchon.com.tr\/wp-content\/uploads\/2023\/06\/FAD00604-1024x683.jpg 1024w, https:\/\/fauchon.com.tr\/wp-content\/uploads\/2023\/06\/FAD00604-768x512.jpg 768w, https:\/\/fauchon.com.tr\/wp-content\/uploads\/2023\/06\/FAD00604-600x400.jpg 600w, https:\/\/fauchon.com.tr\/wp-content\/uploads\/2023\/06\/FAD00604-80x54.jpg 80w, https:\/\/fauchon.com.tr\/wp-content\/uploads\/2023\/06\/FAD00604-65x44.jpg 65w, https:\/\/fauchon.com.tr\/wp-content\/uploads\/2023\/06\/FAD00604-48x32.jpg 48w\" sizes=\"(max-width: 1097px) 100vw, 1097px\" \/>\t\t\t\t\t\t\t\t\t\t\t\t\t\t\t<\/div>\n\t\t\t\t<\/div>\n\t\t\t\t\t<\/div>\n\t\t<\/div>\n\t\t\t\t<div class=\"elementor-column elementor-col-50 elementor-top-column elementor-element elementor-element-9b74516 makaronarka\" data-id=\"9b74516\" data-element_type=\"column\" data-e-type=\"column\" data-settings=\"{&quot;background_background&quot;:&quot;classic&quot;}\">\n\t\t\t<div class=\"elementor-widget-wrap elementor-element-populated\">\n\t\t\t\t\t\t<div class=\"elementor-element elementor-element-d135af1 elementor-widget elementor-widget-heading\" data-id=\"d135af1\" data-element_type=\"widget\" data-e-type=\"widget\" data-widget_type=\"heading.default\">\n\t\t\t\t<div class=\"elementor-widget-container\">\n\t\t\t\t\t<h2 class=\"elementor-heading-title elementor-size-large\">PASTALAR<\/h2>\t\t\t\t<\/div>\n\t\t\t\t<\/div>\n\t\t\t\t<div class=\"elementor-element elementor-element-0e4a948 elementor-widget elementor-widget-text-editor\" data-id=\"0e4a948\" data-element_type=\"widget\" data-e-type=\"widget\" data-widget_type=\"text-editor.default\">\n\t\t\t\t<div class=\"elementor-widget-container\">\n\t\t\t\t\t\t\t\t\t<h4>Sanat ve Zarafetin Birle\u015fti\u011fi Tat<\/h4><p>FAUCHON Paris pastalar\u0131, taptaze malzemelerle haz\u0131rlanan, her lokmada farkl\u0131 bir lezzet sunan tatl\u0131lard\u0131r. Krema, \u00e7ikolata ve meyvenin m\u00fckemmel dengesiyle haz\u0131rlanan bu pastalar, hem g\u00fcnl\u00fck keyiflerin hem de \u00f6zel anlar\u0131n vazge\u00e7ilmezi. FAUCHON\u2019un \u00f6zenli tarifleriyle haz\u0131rlanan her pasta, damaklarda unutulmaz bir iz b\u0131rak\u0131r.<\/p>\t\t\t\t\t\t\t\t<\/div>\n\t\t\t\t<\/div>\n\t\t\t\t\t<\/div>\n\t\t<\/div>\n\t\t\t\t\t<\/div>\n\t\t<\/section>\n\t\t\t\t<section class=\"elementor-section elementor-top-section elementor-element elementor-element-f4e6666 elementor-section-boxed elementor-section-height-default elementor-section-height-default\" data-id=\"f4e6666\" data-element_type=\"section\" data-e-type=\"section\" data-settings=\"{&quot;jet_parallax_layout_list&quot;:[]}\">\n\t\t\t\t\t\t<div class=\"elementor-container elementor-column-gap-default\">\n\t\t\t\t\t<div class=\"elementor-column elementor-col-100 elementor-top-column elementor-element elementor-element-ae45130\" data-id=\"ae45130\" data-element_type=\"column\" data-e-type=\"column\">\n\t\t\t<div class=\"elementor-widget-wrap elementor-element-populated\">\n\t\t\t\t\t\t<div class=\"elementor-element elementor-element-1761209 elementor-widget elementor-widget-spacer\" data-id=\"1761209\" data-element_type=\"widget\" data-e-type=\"widget\" data-widget_type=\"spacer.default\">\n\t\t\t\t<div class=\"elementor-widget-container\">\n\t\t\t\t\t\t\t<div class=\"elementor-spacer\">\n\t\t\t<div class=\"elementor-spacer-inner\"><\/div>\n\t\t<\/div>\n\t\t\t\t\t\t<\/div>\n\t\t\t\t<\/div>\n\t\t\t\t\t<\/div>\n\t\t<\/div>\n\t\t\t\t\t<\/div>\n\t\t<\/section>\n\t\t\t\t<section class=\"elementor-section elementor-top-section elementor-element elementor-element-23ef7bf elementor-section-boxed elementor-section-height-default elementor-section-height-default\" data-id=\"23ef7bf\" data-element_type=\"section\" data-e-type=\"section\" data-settings=\"{&quot;jet_parallax_layout_list&quot;:[]}\">\n\t\t\t\t\t\t<div class=\"elementor-container elementor-column-gap-default\">\n\t\t\t\t\t<div class=\"elementor-column elementor-col-100 elementor-top-column elementor-element elementor-element-2c30498\" data-id=\"2c30498\" data-element_type=\"column\" data-e-type=\"column\">\n\t\t\t<div class=\"elementor-widget-wrap elementor-element-populated\">\n\t\t\t\t\t\t<div class=\"elementor-element elementor-element-ad4e2b4 elementor-widget elementor-widget-gallery\" data-id=\"ad4e2b4\" data-element_type=\"widget\" data-e-type=\"widget\" data-settings=\"{&quot;columns&quot;:3,&quot;lazyload&quot;:&quot;yes&quot;,&quot;gallery_layout&quot;:&quot;grid&quot;,&quot;columns_tablet&quot;:2,&quot;columns_mobile&quot;:1,&quot;gap&quot;:{&quot;unit&quot;:&quot;px&quot;,&quot;size&quot;:10,&quot;sizes&quot;:[]},&quot;gap_tablet&quot;:{&quot;unit&quot;:&quot;px&quot;,&quot;size&quot;:10,&quot;sizes&quot;:[]},&quot;gap_mobile&quot;:{&quot;unit&quot;:&quot;px&quot;,&quot;size&quot;:10,&quot;sizes&quot;:[]},&quot;link_to&quot;:&quot;file&quot;,&quot;aspect_ratio&quot;:&quot;3:2&quot;,&quot;overlay_background&quot;:&quot;yes&quot;,&quot;content_hover_animation&quot;:&quot;fade-in&quot;}\" data-widget_type=\"gallery.default\">\n\t\t\t\t<div class=\"elementor-widget-container\">\n\t\t\t\t\t\t\t<div class=\"elementor-gallery__container\">\n\t\t\t\t\t\t\t<a class=\"e-gallery-item elementor-gallery-item elementor-animated-content\" href=\"https:\/\/fauchon.com.tr\/wp-content\/uploads\/2023\/06\/FAD00701.jpg\" data-elementor-open-lightbox=\"yes\" data-elementor-lightbox-slideshow=\"ad4e2b4\" data-elementor-lightbox-title=\"FAD00701\" data-e-action-hash=\"#elementor-action%3Aaction%3Dlightbox%26settings%3DeyJpZCI6MTEzNywidXJsIjoiaHR0cHM6XC9cL2ZhdWNob24uY29tLnRyXC93cC1jb250ZW50XC91cGxvYWRzXC8yMDIzXC8wNlwvRkFEMDA3MDEuanBnIiwic2xpZGVzaG93IjoiYWQ0ZTJiNCJ9\">\n\t\t\t\t\t<div class=\"e-gallery-image elementor-gallery-item__image\" data-thumbnail=\"https:\/\/fauchon.com.tr\/wp-content\/uploads\/2023\/06\/FAD00701.jpg\" data-width=\"1187\" data-height=\"792\" aria-label=\"\" role=\"img\" ><\/div>\n\t\t\t\t\t\t\t\t\t\t\t<div class=\"elementor-gallery-item__overlay\"><\/div>\n\t\t\t\t\t\t\t\t\t\t\t\t\t\t<\/a>\n\t\t\t\t\t\t\t<a class=\"e-gallery-item elementor-gallery-item elementor-animated-content\" href=\"https:\/\/fauchon.com.tr\/wp-content\/uploads\/2023\/06\/FAD00704.jpg\" data-elementor-open-lightbox=\"yes\" data-elementor-lightbox-slideshow=\"ad4e2b4\" data-elementor-lightbox-title=\"FAD00704\" data-e-action-hash=\"#elementor-action%3Aaction%3Dlightbox%26settings%3DeyJpZCI6MTEzOCwidXJsIjoiaHR0cHM6XC9cL2ZhdWNob24uY29tLnRyXC93cC1jb250ZW50XC91cGxvYWRzXC8yMDIzXC8wNlwvRkFEMDA3MDQuanBnIiwic2xpZGVzaG93IjoiYWQ0ZTJiNCJ9\">\n\t\t\t\t\t<div class=\"e-gallery-image elementor-gallery-item__image\" data-thumbnail=\"https:\/\/fauchon.com.tr\/wp-content\/uploads\/2023\/06\/FAD00704.jpg\" data-width=\"1249\" data-height=\"833\" aria-label=\"\" role=\"img\" ><\/div>\n\t\t\t\t\t\t\t\t\t\t\t<div class=\"elementor-gallery-item__overlay\"><\/div>\n\t\t\t\t\t\t\t\t\t\t\t\t\t\t<\/a>\n\t\t\t\t\t\t\t<a class=\"e-gallery-item elementor-gallery-item elementor-animated-content\" href=\"https:\/\/fauchon.com.tr\/wp-content\/uploads\/2023\/06\/986A6930.jpg\" data-elementor-open-lightbox=\"yes\" data-elementor-lightbox-slideshow=\"ad4e2b4\" data-elementor-lightbox-title=\"986A6930\" data-e-action-hash=\"#elementor-action%3Aaction%3Dlightbox%26settings%3DeyJpZCI6MTEzOSwidXJsIjoiaHR0cHM6XC9cL2ZhdWNob24uY29tLnRyXC93cC1jb250ZW50XC91cGxvYWRzXC8yMDIzXC8wNlwvOTg2QTY5MzAuanBnIiwic2xpZGVzaG93IjoiYWQ0ZTJiNCJ9\">\n\t\t\t\t\t<div class=\"e-gallery-image elementor-gallery-item__image\" data-thumbnail=\"https:\/\/fauchon.com.tr\/wp-content\/uploads\/2023\/06\/986A6930.jpg\" data-width=\"900\" data-height=\"1350\" aria-label=\"\" role=\"img\" ><\/div>\n\t\t\t\t\t\t\t\t\t\t\t<div class=\"elementor-gallery-item__overlay\"><\/div>\n\t\t\t\t\t\t\t\t\t\t\t\t\t\t<\/a>\n\t\t\t\t\t\t\t<a class=\"e-gallery-item elementor-gallery-item elementor-animated-content\" href=\"https:\/\/fauchon.com.tr\/wp-content\/uploads\/2023\/06\/FAD00604-1.jpg\" data-elementor-open-lightbox=\"yes\" data-elementor-lightbox-slideshow=\"ad4e2b4\" data-elementor-lightbox-title=\"FAD00604\" data-e-action-hash=\"#elementor-action%3Aaction%3Dlightbox%26settings%3DeyJpZCI6MTE0MCwidXJsIjoiaHR0cHM6XC9cL2ZhdWNob24uY29tLnRyXC93cC1jb250ZW50XC91cGxvYWRzXC8yMDIzXC8wNlwvRkFEMDA2MDQtMS5qcGciLCJzbGlkZXNob3ciOiJhZDRlMmI0In0%3D\">\n\t\t\t\t\t<div class=\"e-gallery-image elementor-gallery-item__image\" data-thumbnail=\"https:\/\/fauchon.com.tr\/wp-content\/uploads\/2023\/06\/FAD00604-1.jpg\" data-width=\"1097\" data-height=\"732\" aria-label=\"\" role=\"img\" ><\/div>\n\t\t\t\t\t\t\t\t\t\t\t<div class=\"elementor-gallery-item__overlay\"><\/div>\n\t\t\t\t\t\t\t\t\t\t\t\t\t\t<\/a>\n\t\t\t\t\t\t\t<a class=\"e-gallery-item elementor-gallery-item elementor-animated-content\" href=\"https:\/\/fauchon.com.tr\/wp-content\/uploads\/2023\/06\/FAD00643.jpg\" data-elementor-open-lightbox=\"yes\" data-elementor-lightbox-slideshow=\"ad4e2b4\" data-elementor-lightbox-title=\"FAD00643\" data-e-action-hash=\"#elementor-action%3Aaction%3Dlightbox%26settings%3DeyJpZCI6MTE0MiwidXJsIjoiaHR0cHM6XC9cL2ZhdWNob24uY29tLnRyXC93cC1jb250ZW50XC91cGxvYWRzXC8yMDIzXC8wNlwvRkFEMDA2NDMuanBnIiwic2xpZGVzaG93IjoiYWQ0ZTJiNCJ9\">\n\t\t\t\t\t<div class=\"e-gallery-image elementor-gallery-item__image\" data-thumbnail=\"https:\/\/fauchon.com.tr\/wp-content\/uploads\/2023\/06\/FAD00643.jpg\" data-width=\"1063\" data-height=\"709\" aria-label=\"\" role=\"img\" ><\/div>\n\t\t\t\t\t\t\t\t\t\t\t<div class=\"elementor-gallery-item__overlay\"><\/div>\n\t\t\t\t\t\t\t\t\t\t\t\t\t\t<\/a>\n\t\t\t\t\t\t\t<a class=\"e-gallery-item elementor-gallery-item elementor-animated-content\" href=\"https:\/\/fauchon.com.tr\/wp-content\/uploads\/2023\/06\/FAD00663.jpg\" data-elementor-open-lightbox=\"yes\" data-elementor-lightbox-slideshow=\"ad4e2b4\" data-elementor-lightbox-title=\"FAD00663\" data-e-action-hash=\"#elementor-action%3Aaction%3Dlightbox%26settings%3DeyJpZCI6MTE0MywidXJsIjoiaHR0cHM6XC9cL2ZhdWNob24uY29tLnRyXC93cC1jb250ZW50XC91cGxvYWRzXC8yMDIzXC8wNlwvRkFEMDA2NjMuanBnIiwic2xpZGVzaG93IjoiYWQ0ZTJiNCJ9\">\n\t\t\t\t\t<div class=\"e-gallery-image elementor-gallery-item__image\" data-thumbnail=\"https:\/\/fauchon.com.tr\/wp-content\/uploads\/2023\/06\/FAD00663.jpg\" data-width=\"1217\" data-height=\"812\" aria-label=\"\" role=\"img\" ><\/div>\n\t\t\t\t\t\t\t\t\t\t\t<div class=\"elementor-gallery-item__overlay\"><\/div>\n\t\t\t\t\t\t\t\t\t\t\t\t\t\t<\/a>\n\t\t\t\t\t\t\t<a class=\"e-gallery-item elementor-gallery-item elementor-animated-content\" href=\"https:\/\/fauchon.com.tr\/wp-content\/uploads\/2023\/06\/FAD00696.jpg\" data-elementor-open-lightbox=\"yes\" data-elementor-lightbox-slideshow=\"ad4e2b4\" data-elementor-lightbox-title=\"FAD00696\" data-e-action-hash=\"#elementor-action%3Aaction%3Dlightbox%26settings%3DeyJpZCI6MTE0NCwidXJsIjoiaHR0cHM6XC9cL2ZhdWNob24uY29tLnRyXC93cC1jb250ZW50XC91cGxvYWRzXC8yMDIzXC8wNlwvRkFEMDA2OTYuanBnIiwic2xpZGVzaG93IjoiYWQ0ZTJiNCJ9\">\n\t\t\t\t\t<div class=\"e-gallery-image elementor-gallery-item__image\" data-thumbnail=\"https:\/\/fauchon.com.tr\/wp-content\/uploads\/2023\/06\/FAD00696.jpg\" data-width=\"1178\" data-height=\"785\" aria-label=\"\" role=\"img\" ><\/div>\n\t\t\t\t\t\t\t\t\t\t\t<div class=\"elementor-gallery-item__overlay\"><\/div>\n\t\t\t\t\t\t\t\t\t\t\t\t\t\t<\/a>\n\t\t\t\t\t\t\t<a class=\"e-gallery-item elementor-gallery-item elementor-animated-content\" href=\"https:\/\/fauchon.com.tr\/wp-content\/uploads\/2023\/06\/6.jpg\" data-elementor-open-lightbox=\"yes\" data-elementor-lightbox-slideshow=\"ad4e2b4\" data-elementor-lightbox-title=\"6\" data-e-action-hash=\"#elementor-action%3Aaction%3Dlightbox%26settings%3DeyJpZCI6MTE0NSwidXJsIjoiaHR0cHM6XC9cL2ZhdWNob24uY29tLnRyXC93cC1jb250ZW50XC91cGxvYWRzXC8yMDIzXC8wNlwvNi5qcGciLCJzbGlkZXNob3ciOiJhZDRlMmI0In0%3D\">\n\t\t\t\t\t<div class=\"e-gallery-image elementor-gallery-item__image\" data-thumbnail=\"https:\/\/fauchon.com.tr\/wp-content\/uploads\/2023\/06\/6.jpg\" data-width=\"900\" data-height=\"1350\" aria-label=\"\" role=\"img\" ><\/div>\n\t\t\t\t\t\t\t\t\t\t\t<div class=\"elementor-gallery-item__overlay\"><\/div>\n\t\t\t\t\t\t\t\t\t\t\t\t\t\t<\/a>\n\t\t\t\t\t\t\t<a class=\"e-gallery-item elementor-gallery-item elementor-animated-content\" href=\"https:\/\/fauchon.com.tr\/wp-content\/uploads\/2023\/06\/986A6041.jpg\" data-elementor-open-lightbox=\"yes\" data-elementor-lightbox-slideshow=\"ad4e2b4\" data-elementor-lightbox-title=\"986A6041\" data-e-action-hash=\"#elementor-action%3Aaction%3Dlightbox%26settings%3DeyJpZCI6MTE0NiwidXJsIjoiaHR0cHM6XC9cL2ZhdWNob24uY29tLnRyXC93cC1jb250ZW50XC91cGxvYWRzXC8yMDIzXC8wNlwvOTg2QTYwNDEuanBnIiwic2xpZGVzaG93IjoiYWQ0ZTJiNCJ9\">\n\t\t\t\t\t<div class=\"e-gallery-image elementor-gallery-item__image\" data-thumbnail=\"https:\/\/fauchon.com.tr\/wp-content\/uploads\/2023\/06\/986A6041.jpg\" data-width=\"900\" data-height=\"1350\" aria-label=\"\" role=\"img\" ><\/div>\n\t\t\t\t\t\t\t\t\t\t\t<div class=\"elementor-gallery-item__overlay\"><\/div>\n\t\t\t\t\t\t\t\t\t\t\t\t\t\t<\/a>\n\t\t\t\t\t\t\t<a class=\"e-gallery-item elementor-gallery-item elementor-animated-content\" href=\"https:\/\/fauchon.com.tr\/wp-content\/uploads\/2023\/06\/986A6051.jpg\" data-elementor-open-lightbox=\"yes\" data-elementor-lightbox-slideshow=\"ad4e2b4\" data-elementor-lightbox-title=\"986A6051\" data-e-action-hash=\"#elementor-action%3Aaction%3Dlightbox%26settings%3DeyJpZCI6MTE0NywidXJsIjoiaHR0cHM6XC9cL2ZhdWNob24uY29tLnRyXC93cC1jb250ZW50XC91cGxvYWRzXC8yMDIzXC8wNlwvOTg2QTYwNTEuanBnIiwic2xpZGVzaG93IjoiYWQ0ZTJiNCJ9\">\n\t\t\t\t\t<div class=\"e-gallery-image elementor-gallery-item__image\" data-thumbnail=\"https:\/\/fauchon.com.tr\/wp-content\/uploads\/2023\/06\/986A6051.jpg\" data-width=\"900\" data-height=\"1350\" aria-label=\"\" role=\"img\" ><\/div>\n\t\t\t\t\t\t\t\t\t\t\t<div class=\"elementor-gallery-item__overlay\"><\/div>\n\t\t\t\t\t\t\t\t\t\t\t\t\t\t<\/a>\n\t\t\t\t\t\t\t<a class=\"e-gallery-item elementor-gallery-item elementor-animated-content\" href=\"https:\/\/fauchon.com.tr\/wp-content\/uploads\/2023\/06\/986A6054.jpg\" data-elementor-open-lightbox=\"yes\" data-elementor-lightbox-slideshow=\"ad4e2b4\" data-elementor-lightbox-title=\"986A6054\" data-e-action-hash=\"#elementor-action%3Aaction%3Dlightbox%26settings%3DeyJpZCI6MTE0OCwidXJsIjoiaHR0cHM6XC9cL2ZhdWNob24uY29tLnRyXC93cC1jb250ZW50XC91cGxvYWRzXC8yMDIzXC8wNlwvOTg2QTYwNTQuanBnIiwic2xpZGVzaG93IjoiYWQ0ZTJiNCJ9\">\n\t\t\t\t\t<div class=\"e-gallery-image elementor-gallery-item__image\" data-thumbnail=\"https:\/\/fauchon.com.tr\/wp-content\/uploads\/2023\/06\/986A6054.jpg\" data-width=\"900\" data-height=\"1350\" aria-label=\"\" role=\"img\" ><\/div>\n\t\t\t\t\t\t\t\t\t\t\t<div class=\"elementor-gallery-item__overlay\"><\/div>\n\t\t\t\t\t\t\t\t\t\t\t\t\t\t<\/a>\n\t\t\t\t\t<\/div>\n\t\t\t\t\t<\/div>\n\t\t\t\t<\/div>\n\t\t\t\t\t<\/div>\n\t\t<\/div>\n\t\t\t\t\t<\/div>\n\t\t<\/section>\n\t\t\t\t<\/div>","protected":false},"excerpt":{"rendered":"<p>Ana Sayfa PASTALAR Sanat ve Zarafetin Birle\u015fti\u011fi Tat FAUCHON Paris pastalar\u0131, taptaze malzemelerle haz\u0131rlanan, her lokmada farkl\u0131 bir lezzet sunan tatl\u0131lard\u0131r. Krema, \u00e7ikolata ve meyvenin m\u00fckemmel dengesiyle haz\u0131rlanan bu pastalar, hem g\u00fcnl\u00fck keyiflerin hem de \u00f6zel anlar\u0131n vazge\u00e7ilmezi. FAUCHON\u2019un \u00f6zenli tarifleriyle haz\u0131rlanan her pasta, damaklarda unutulmaz bir iz b\u0131rak\u0131r.<\/p>","protected":false},"author":1,"featured_media":0,"parent":0,"menu_order":0,"comment_status":"closed","ping_status":"closed","template":"page-templates\/fullwidth-content.php","meta":{"footnotes":""},"class_list":["post-827","page","type-page","status-publish","hentry"],"_links":{"self":[{"href":"https:\/\/fauchon.com.tr\/en\/wp-json\/wp\/v2\/pages\/827","targetHints":{"allow":["GET"]}}],"collection":[{"href":"https:\/\/fauchon.com.tr\/en\/wp-json\/wp\/v2\/pages"}],"about":[{"href":"https:\/\/fauchon.com.tr\/en\/wp-json\/wp\/v2\/types\/page"}],"author":[{"embeddable":true,"href":"https:\/\/fauchon.com.tr\/en\/wp-json\/wp\/v2\/users\/1"}],"replies":[{"embeddable":true,"href":"https:\/\/fauchon.com.tr\/en\/wp-json\/wp\/v2\/comments?post=827"}],"version-history":[{"count":10,"href":"https:\/\/fauchon.com.tr\/en\/wp-json\/wp\/v2\/pages\/827\/revisions"}],"predecessor-version":[{"id":1400,"href":"https:\/\/fauchon.com.tr\/en\/wp-json\/wp\/v2\/pages\/827\/revisions\/1400"}],"wp:attachment":[{"href":"https:\/\/fauchon.com.tr\/en\/wp-json\/wp\/v2\/media?parent=827"}],"curies":[{"name":"wp","href":"https:\/\/api.w.org\/{rel}","templated":true}]}}