{"id":838,"date":"2022-11-25T06:52:31","date_gmt":"2022-11-25T06:52:31","guid":{"rendered":"https:\/\/fauchon.com.tr\/?page_id=838"},"modified":"2022-11-25T07:00:21","modified_gmt":"2022-11-25T07:00:21","slug":"kullanim-kosullari","status":"publish","type":"page","link":"https:\/\/fauchon.com.tr\/en\/kullanim-kosullari\/","title":{"rendered":"Kullan\u0131m Ko\u015fullar\u0131"},"content":{"rendered":"<p><strong>Web Sitesi Kullan\u0131m Ko\u015fullar\u0131<\/strong><\/p>\n<p>Bu metin RMA HOLD\u0130NG\u2019in web sitesini kullanacak olan Kullan\u0131c\u0131\/Kullan\u0131c\u0131lar i\u00e7in bilinmesi gerekli olan kullan\u0131m ko\u015fullar\u0131n\u0131n neler oldu\u011funu a\u00e7\u0131klamaktad\u0131r.<\/p>\n<p>A\u015fa\u011f\u0131daki tan\u0131mlar\u00a0<strong><a href=\"https:\/\/www.rmaholding.com.tr\/\" target=\"_blank\" rel=\"noopener\">https:\/\/www.rmaholding.com.tr\/<\/a><\/strong>\u00a0sitesinin kullan\u0131m\u0131 i\u00e7in \u00f6nemlidir.<\/p>\n<p>Buna g\u00f6re;<\/p>\n<p><strong>RMA HOLD\u0130NG:<\/strong> Sitenin sahibi olan FAUCHON,<\/p>\n<p><strong>FSEK:<\/strong>\u00a05946 Say\u0131l\u0131 Fikir ve Sanat Eserleri Kanunu\u2019nu,<\/p>\n<p><strong>Kullan\u0131c\u0131 ve\/veya Kullan\u0131c\u0131lar:<\/strong>\u00a0Sitede yer alan ileti\u015fim formunda yer alan bilgileri kendi a\u00e7\u0131k r\u0131zalar\u0131 ile veren veya ki\u015fisel verilerini vermeden sadece siteyi ziyaret eden ger\u00e7ek ki\u015fileri,<\/p>\n<p><strong>Web Sitesi:<\/strong>\u00a0<strong><a href=\"https:\/\/fauchon.com.tr\/en\/\" target=\"_blank\" rel=\"noopener\">https:\/\/www.fauchon.com.tr\/<\/a><\/strong>\u00a0adresinde yer alan web sitesini,<\/p>\n<p><strong>5651 Say\u0131l\u0131 Kanun:<\/strong>\u00a0\u0130nternet Ortam\u0131nda Yap\u0131lan Yay\u0131nlar\u0131n D\u00fczenlenmesi ve Bu Yay\u0131nlar Yoluyla \u0130\u015flenen Su\u00e7larla M\u00fccade Edilmesi Hakk\u0131nda Kanunu,<\/p>\n<p>ifade eder.<\/p>\n<p><strong>Kullan\u0131m Ko\u015fullar\u0131<\/strong><\/p>\n<p>Kullan\u0131c\u0131 veya Kullan\u0131c\u0131lar, i\u015fbu Site\u2019yi ziyaret ederken, Site\u2019de yer alan, ister FAUCHON\u2019e isterse \u00fc\u00e7\u00fcnc\u00fc bir ki\u015fi veya kurulu\u015fa ait herhangi bir yaz\u0131, bilgi, yorum, g\u00f6r\u00fc\u015f, haber, g\u00f6r\u00fcnt\u00fc, resim, \u015fekil, grafik ve sair i\u00e7erikten, bu i\u00e7eriklerin yay\u0131n\u0131n\u0131n kesilmesinden, gecikmesinden veya hatal\u0131 yay\u0131nlanmas\u0131ndan, bu i\u00e7eriklerin kullan\u0131m\u0131ndan veya bu i\u00e7eriklere dayal\u0131 olarak alm\u0131\u015f olduklar\u0131 kararlar\u0131n sonu\u00e7lar\u0131ndan, Site\u2019nin kullan\u0131m ko\u015fullar\u0131n\u0131 okumam\u0131\u015f veya okumu\u015f ancak bunlara uygun davranmam\u0131\u015f olmalar\u0131 sebebiyle u\u011fram\u0131\u015f oldu\u011fu maddi veya manevi, m\u00fcsbet veya menfi, ve olas\u0131 herhangi bir zarardan veya masraftan FAUCHON veya ona ba\u011fl\u0131 herhangi bir grup \u015firketinin veya \u00e7al\u0131\u015fanlar\u0131n\u0131n, y\u00f6neticilerinin, yetkilendirdikleri ki\u015fi veya kurulu\u015flar\u0131n\u0131n, hukuki veya cezai hi\u00e7bir sorumlulu\u011fu olmad\u0131\u011f\u0131n\u0131, Site\u2019de yer alan bilgilerin do\u011frulu\u011fu ve\/veya yeterlili\u011finin FAUCHON taraf\u0131ndan garanti edilmedi\u011fini kabul ve beyan etmi\u015flerdir.<\/p>\n<p>Kullan\u0131c\u0131 veya Kullan\u0131c\u0131lar, FAUCHON logosunun veya web sitesine ait sayfalar\u0131n bir ba\u015fka web sitesinde herhangi bir \u015fekilde yer almas\u0131ndan veya web sitesine \u00fc\u00e7\u00fcnc\u00fc ki\u015filer veya ziyaret\u00e7iler taraf\u0131ndan yap\u0131labilecek herhangi bir i\u00e7erik y\u00fcklemesinden dolay\u0131 elde edilecek bilgilerin kullan\u0131m\u0131ndan veya internetin genel uygulamalar \u00e7er\u00e7evesinde kullan\u0131m\u0131 dolay\u0131s\u0131yla sorumluluk do\u011furmayan herhangi bir i\u00e7erikten FAUCHON\u2019in veya ona ba\u011fl\u0131 veya onun ba\u011fl\u0131 oldu\u011fu herhangi bir grup \u015firketinin veya \u00e7al\u0131\u015fanlar\u0131n\u0131n, y\u00f6neticilerinin, yetkilendirdikleri ki\u015fi veya kurulu\u015flar\u0131n\u0131n, hukuki veya cezai hi\u00e7bir sorumlulu\u011fu olmad\u0131\u011f\u0131n\u0131 kabul ve beyan etmi\u015flerdir.<\/p>\n<p>Kullan\u0131c\u0131 veya Kullan\u0131c\u0131lar, FAUCHON\u2019in, Web Sitesi Kullan\u0131m Ko\u015fullar\u0131n\u0131 veya Ki\u015fisel Verilerin Korunmas\u0131 Politikas\u0131n\u0131 tek tarafl\u0131 olarak her zaman de\u011fi\u015ftirme veya g\u00fcncelleme hakk\u0131na sahip oldu\u011funu bilmektedir.<\/p>\n<p><strong>FSEK ve 5651 Say\u0131l\u0131 Kanun Uyar\u0131nca Dikkat Edilecek Hususlar<\/strong><\/p>\n<p>Kullan\u0131c\u0131 veya Kullan\u0131c\u0131lar, Web Sitesi \u00fczerinde bir ba\u015fka Web Sitesine veya i\u00e7eri\u011fe eri\u015fim imkan\u0131 tan\u0131yan linkler bulunabilece\u011fini, bunlar\u0131n kontrol\u00fcn\u00fcn veya do\u011frulu\u011funun veya yeterlili\u011finin FAUCHON ile ilgisi olmad\u0131\u011f\u0131n\u0131 ve FAUCHON\u2019in bu siteleri herhangi bir \u015fekilde desteklemedi\u011fini veya i\u00e7erdi\u011fi bilgilerin do\u011frulu\u011funu garanti etmedi\u011fini ve bu sitelerde yer alan i\u00e7eriklerden dolay\u0131 herhangi bir sorumlulu\u011fu bulunmad\u0131\u011f\u0131n\u0131, bu sitelerin kullan\u0131m\u0131 sebebiyle do\u011fabilecek maddi veya manevi, m\u00fcsbet veya menfi ve olas\u0131 herhangi bir zarardan veya masraftan FAUCHON\u2019in sorumlu olmad\u0131\u011f\u0131n\u0131 kabul ve beyan etmi\u015flerdir.<\/p>\n<p>Kullan\u0131c\u0131 veya Kullan\u0131c\u0131lar, Web Sitesi \u00fczerinde FAUCHON\u2019na veya \u00fc\u00e7\u00fcnc\u00fc bir ki\u015fi veya kurulu\u015fa ait herhangi bir yaz\u0131, bilgi, yorum, g\u00f6r\u00fc\u015f, haber, g\u00f6r\u00fcnt\u00fc, resim, \u015fekil, grafik ve sair bir materyal bulunabilece\u011fini, FAUCHON\u2019in bu materyallerle ilgili olarak FSEK\u2019in d\u00fczenledi\u011fi yasal haklara sahip oldu\u011funu, bunlar\u0131n FAUCHON\u2019in izni olmadan kopyalanamayaca\u011f\u0131n\u0131, de\u011fi\u015ftirilemeyece\u011fini, \u00e7o\u011falt\u0131lamayaca\u011f\u0131n\u0131, yay\u0131nlanamayaca\u011f\u0131n\u0131, sat\u0131lamayaca\u011f\u0131n\u0131 veya kulland\u0131r\u0131lamayaca\u011f\u0131n\u0131 veya bunlara m\u00fcdahale edilemeyece\u011fini kabul ve beyan etmi\u015flerdir.<\/p>\n<p>Kullan\u0131c\u0131 veya Kullan\u0131c\u0131lar, Web Sitesine girmeden \u00f6nce yukar\u0131da yer alan Web Sitesi Kullan\u0131m Ko\u015fullar\u0131 ve Gizlilik Politikas\u0131n\u0131 okuduklar\u0131n\u0131, yukar\u0131da belirtilen t\u00fcm hususlara uyacaklar\u0131n\u0131, burada yer alan hususlarla ilgili olarak herhangi bir uyu\u015fmazl\u0131k veya ihtilaf iddia veya talep oldu\u011fu takdirde, \u0130stanbul Mahkeme ve \u0130cra Dairelerinin yetkili olaca\u011f\u0131n\u0131, Web Sitesinde yer alan i\u00e7eriklerin ve FAUCHON\u2019na ait t\u00fcm elektronik ortam ve bilgisayar kay\u0131tlar\u0131n\u0131n HMK madde 193 uyar\u0131nca kesin delil say\u0131laca\u011f\u0131n\u0131 olarak kabul ve beyan etmi\u015flerdir.<\/p>","protected":false},"excerpt":{"rendered":"<p>Web Sitesi Kullan\u0131m Ko\u015fullar\u0131 Bu metin RMA HOLD\u0130NG\u2019in web sitesini kullanacak olan Kullan\u0131c\u0131\/Kullan\u0131c\u0131lar i\u00e7in bilinmesi gerekli olan kullan\u0131m ko\u015fullar\u0131n\u0131n neler oldu\u011funu a\u00e7\u0131klamaktad\u0131r. A\u015fa\u011f\u0131daki tan\u0131mlar\u00a0https:\/\/www.rmaholding.com.tr\/\u00a0sitesinin kullan\u0131m\u0131 i\u00e7in \u00f6nemlidir. Buna g\u00f6re; RMA HOLD\u0130NG: Sitenin sahibi olan FAUCHON, FSEK:\u00a05946 Say\u0131l\u0131 Fikir ve Sanat Eserleri Kanunu\u2019nu, Kullan\u0131c\u0131 ve\/veya Kullan\u0131c\u0131lar:\u00a0Sitede yer alan ileti\u015fim formunda yer alan bilgileri kendi a\u00e7\u0131k r\u0131zalar\u0131 [&hellip;]<\/p>","protected":false},"author":1,"featured_media":0,"parent":0,"menu_order":0,"comment_status":"closed","ping_status":"closed","template":"","meta":{"footnotes":""},"class_list":["post-838","page","type-page","status-publish","hentry"],"_links":{"self":[{"href":"https:\/\/fauchon.com.tr\/en\/wp-json\/wp\/v2\/pages\/838","targetHints":{"allow":["GET"]}}],"collection":[{"href":"https:\/\/fauchon.com.tr\/en\/wp-json\/wp\/v2\/pages"}],"about":[{"href":"https:\/\/fauchon.com.tr\/en\/wp-json\/wp\/v2\/types\/page"}],"author":[{"embeddable":true,"href":"https:\/\/fauchon.com.tr\/en\/wp-json\/wp\/v2\/users\/1"}],"replies":[{"embeddable":true,"href":"https:\/\/fauchon.com.tr\/en\/wp-json\/wp\/v2\/comments?post=838"}],"version-history":[{"count":3,"href":"https:\/\/fauchon.com.tr\/en\/wp-json\/wp\/v2\/pages\/838\/revisions"}],"predecessor-version":[{"id":841,"href":"https:\/\/fauchon.com.tr\/en\/wp-json\/wp\/v2\/pages\/838\/revisions\/841"}],"wp:attachment":[{"href":"https:\/\/fauchon.com.tr\/en\/wp-json\/wp\/v2\/media?parent=838"}],"curies":[{"name":"wp","href":"https:\/\/api.w.org\/{rel}","templated":true}]}}